{"id":9200,"date":"2024-03-25T17:47:23","date_gmt":"2024-03-25T16:47:23","guid":{"rendered":"https:\/\/shop.etivaz-aop.ch\/manifestations-animation\/"},"modified":"2024-03-25T17:48:40","modified_gmt":"2024-03-25T16:48:40","slug":"manifestations-animation","status":"publish","type":"page","link":"https:\/\/shop.etivaz-aop.ch\/de\/manifestations-animation\/","title":{"rendered":"Manifestations &amp; Animation"},"content":{"rendered":"<div data-elementor-type=\"wp-page\" data-elementor-id=\"9200\" class=\"elementor elementor-9200\" data-elementor-post-type=\"page\">\n\t\t\t\t\t\t<section class=\"elementor-section elementor-top-section elementor-element elementor-element-3e823024 elementor-section-height-full elementor-section-boxed elementor-section-height-default elementor-section-items-middle\" data-id=\"3e823024\" data-element_type=\"section\" data-settings=\"{&quot;background_background&quot;:&quot;classic&quot;}\">\n\t\t\t\t\t\t\t<div class=\"elementor-background-overlay\"><\/div>\n\t\t\t\t\t\t\t<div class=\"elementor-container elementor-column-gap-default\">\n\t\t\t\t\t<div class=\"elementor-column elementor-col-100 elementor-top-column elementor-element elementor-element-1210c4de\" data-id=\"1210c4de\" data-element_type=\"column\">\n\t\t\t<div class=\"elementor-widget-wrap elementor-element-populated\">\n\t\t\t\t\t\t<div class=\"elementor-element elementor-element-6d0824d1 elementor-widget elementor-widget-heading\" data-id=\"6d0824d1\" data-element_type=\"widget\" data-widget_type=\"heading.default\">\n\t\t\t\t<div class=\"elementor-widget-container\">\n\t\t\t<h1 class=\"elementor-heading-title elementor-size-default\">Veranstaltungen<br\/>Animationen<\/h1>\t\t<\/div>\n\t\t\t\t<\/div>\n\t\t\t\t\t<\/div>\n\t\t<\/div>\n\t\t\t\t\t<\/div>\n\t\t<\/section>\n\t\t\t\t<section class=\"elementor-section elementor-top-section elementor-element elementor-element-3a60553b elementor-section-boxed elementor-section-height-default elementor-section-height-default\" data-id=\"3a60553b\" data-element_type=\"section\" data-settings=\"{&quot;background_background&quot;:&quot;classic&quot;}\">\n\t\t\t\t\t\t<div class=\"elementor-container elementor-column-gap-default\">\n\t\t\t\t\t<div class=\"elementor-column elementor-col-100 elementor-top-column elementor-element elementor-element-2fd9e50a\" data-id=\"2fd9e50a\" data-element_type=\"column\">\n\t\t\t<div class=\"elementor-widget-wrap elementor-element-populated\">\n\t\t\t\t\t\t<div class=\"elementor-element elementor-element-54bbf999 elementor-widget elementor-widget-heading\" data-id=\"54bbf999\" data-element_type=\"widget\" data-widget_type=\"heading.default\">\n\t\t\t\t<div class=\"elementor-widget-container\">\n\t\t\t<h2 class=\"elementor-heading-title elementor-size-default\">Unser K\u00e4se in Ihrer N\u00e4he<\/h2>\t\t<\/div>\n\t\t\t\t<\/div>\n\t\t\t\t<div class=\"elementor-element elementor-element-399fa37b elementor-widget elementor-widget-text-editor\" data-id=\"399fa37b\" data-element_type=\"widget\" data-widget_type=\"text-editor.default\">\n\t\t\t\t<div class=\"elementor-widget-container\">\n\t\t\t\t\t\t\t<p>Die F\u00f6rderung des K\u00e4ses L'Etivaz AOP bei einem breiten Publikum in der Schweiz und im Ausland ist Teil unserer Mission. Zwischen Veranstaltungen oder Verkostungen in der Molkerei kommt unser K\u00e4se zu Ihnen.<\/p>\t\t\t\t\t\t<\/div>\n\t\t\t\t<\/div>\n\t\t\t\t\t<\/div>\n\t\t<\/div>\n\t\t\t\t\t<\/div>\n\t\t<\/section>\n\t\t\t\t<section class=\"elementor-section elementor-top-section elementor-element elementor-element-84a8d3d elementor-section-boxed elementor-section-height-default elementor-section-height-default\" data-id=\"84a8d3d\" data-element_type=\"section\" data-settings=\"{&quot;background_background&quot;:&quot;classic&quot;}\">\n\t\t\t\t\t\t<div class=\"elementor-container elementor-column-gap-default\">\n\t\t\t\t\t<div class=\"elementor-column elementor-col-50 elementor-top-column elementor-element elementor-element-38ebea97\" data-id=\"38ebea97\" data-element_type=\"column\">\n\t\t\t<div class=\"elementor-widget-wrap elementor-element-populated\">\n\t\t\t\t\t\t<div class=\"elementor-element elementor-element-5b07d6c2 elementor-widget elementor-widget-heading\" data-id=\"5b07d6c2\" data-element_type=\"widget\" data-widget_type=\"heading.default\">\n\t\t\t\t<div class=\"elementor-widget-container\">\n\t\t\t<h2 class=\"elementor-heading-title elementor-size-default\">L\u2019Etivaz AOP sur la route<\/h2>\t\t<\/div>\n\t\t\t\t<\/div>\n\t\t\t\t\t<\/div>\n\t\t<\/div>\n\t\t\t\t<div class=\"elementor-column elementor-col-50 elementor-top-column elementor-element elementor-element-1f5ad3ff\" data-id=\"1f5ad3ff\" data-element_type=\"column\">\n\t\t\t<div class=\"elementor-widget-wrap elementor-element-populated\">\n\t\t\t\t\t\t<div class=\"elementor-element elementor-element-b3e25f8 elementor-widget elementor-widget-text-editor\" data-id=\"b3e25f8\" data-element_type=\"widget\" data-widget_type=\"text-editor.default\">\n\t\t\t\t<div class=\"elementor-widget-container\">\n\t\t\t\t\t\t\t<p>Das ganze Jahr \u00fcber sind wir bei verschiedenen Veranstaltungen pr\u00e4sent, um den K\u00e4se L'Etivaz AOP in den Vordergrund zu stellen.<br \/><br \/>Z\u00f6gern Sie nicht, sich die unten stehenden Daten zu notieren, um uns Hallo zu sagen und kulturelle, kulinarische und sogar sportliche Veranstaltungen zu entdecken!<br \/><br \/>Wir organisieren auch Verkostungen in Superm\u00e4rkten, um Sie durch eine Kostprobe unseres Alpk\u00e4ses zu \u00fcberzeugen.<\/p>\t\t\t\t\t\t<\/div>\n\t\t\t\t<\/div>\n\t\t\t\t\t<\/div>\n\t\t<\/div>\n\t\t\t\t\t<\/div>\n\t\t<\/section>\n\t\t\t\t<section class=\"elementor-section elementor-top-section elementor-element elementor-element-35aa7761 elementor-section-boxed elementor-section-height-default elementor-section-height-default\" data-id=\"35aa7761\" data-element_type=\"section\">\n\t\t\t\t\t\t<div class=\"elementor-container elementor-column-gap-default\">\n\t\t\t\t\t<div class=\"elementor-column elementor-col-100 elementor-top-column elementor-element elementor-element-7c0268e6\" data-id=\"7c0268e6\" data-element_type=\"column\">\n\t\t\t<div class=\"elementor-widget-wrap elementor-element-populated\">\n\t\t\t\t\t\t<div class=\"elementor-element elementor-element-220763b6 elementor-widget elementor-widget-heading\" data-id=\"220763b6\" data-element_type=\"widget\" data-widget_type=\"heading.default\">\n\t\t\t\t<div class=\"elementor-widget-container\">\n\t\t\t<h2 class=\"elementor-heading-title elementor-size-default\">Unsere Veranstaltungen<\/h2>\t\t<\/div>\n\t\t\t\t<\/div>\n\t\t\t\t<div class=\"elementor-element elementor-element-3eda25a1 elementor-widget elementor-widget-heading\" data-id=\"3eda25a1\" data-element_type=\"widget\" data-widget_type=\"heading.default\">\n\t\t\t\t<div class=\"elementor-widget-container\">\n\t\t\t<h2 class=\"elementor-heading-title elementor-size-default\">Unsere Verkostungen in den Gesch\u00e4ften<\/h2>\t\t<\/div>\n\t\t\t\t<\/div>\n\t\t\t\t\t<\/div>\n\t\t<\/div>\n\t\t\t\t\t<\/div>\n\t\t<\/section>\n\t\t\t\t<section class=\"elementor-section elementor-top-section elementor-element elementor-element-2958a3ed elementor-section-boxed elementor-section-height-default elementor-section-height-default\" data-id=\"2958a3ed\" data-element_type=\"section\">\n\t\t\t\t\t\t<div class=\"elementor-container elementor-column-gap-default\">\n\t\t\t\t\t<div class=\"elementor-column elementor-col-100 elementor-top-column elementor-element elementor-element-523692bd\" data-id=\"523692bd\" data-element_type=\"column\">\n\t\t\t<div class=\"elementor-widget-wrap elementor-element-populated\">\n\t\t\t\t\t\t<div class=\"elementor-element elementor-element-8551e45 elementor-widget elementor-widget-heading\" data-id=\"8551e45\" data-element_type=\"widget\" data-widget_type=\"heading.default\">\n\t\t\t\t<div class=\"elementor-widget-container\">\n\t\t\t<h2 class=\"elementor-heading-title elementor-size-default\">Media<\/h2>\t\t<\/div>\n\t\t\t\t<\/div>\n\t\t\t\t<div class=\"elementor-element elementor-element-7a8e5f1b elementor-widget elementor-widget-text-editor\" data-id=\"7a8e5f1b\" data-element_type=\"widget\" data-widget_type=\"text-editor.default\">\n\t\t\t\t<div class=\"elementor-widget-container\">\n\t\t\t\t\t\t\t<div id=\"gspb_text-id-gsbp-a96accd6-fc5d\" class=\"gspb_text gspb_text-id-gsbp-a96accd6-fc5d\"><div id=\"gspb_text-id-gsbp-a96accd6-fc5d\" class=\"gspb_text gspb_text-id-gsbp-a96accd6-fc5d\">Entdecken Sie unsere Fotos<\/div><\/div>\t\t\t\t\t\t<\/div>\n\t\t\t\t<\/div>\n\t\t\t\t<div class=\"elementor-element elementor-element-2903b201 elementor-pagination-position-outside elementor-widget elementor-widget-image-carousel\" data-id=\"2903b201\" data-element_type=\"widget\" data-settings=\"{&quot;navigation&quot;:&quot;dots&quot;,&quot;lazyload&quot;:&quot;yes&quot;,&quot;autoplay&quot;:&quot;no&quot;,&quot;infinite&quot;:&quot;no&quot;,&quot;speed&quot;:500}\" data-widget_type=\"image-carousel.default\">\n\t\t\t\t<div class=\"elementor-widget-container\">\n\t\t\t\t\t<div class=\"elementor-image-carousel-wrapper swiper\" dir=\"ltr\">\n\t\t\t<div class=\"elementor-image-carousel swiper-wrapper\" aria-live=\"polite\">\n\t\t\t\t\t\t\t\t<div class=\"swiper-slide\" role=\"group\" aria-roledescription=\"slide\" aria-label=\"1 of 4\"><figure class=\"swiper-slide-inner\"><img class=\"swiper-slide-image swiper-lazy\" data-src=\"https:\/\/shop.etivaz-aop.ch\/wp-content\/uploads\/2024\/03\/Desalpe-Etivaz-Blog-23-03-768x432.jpg\" alt=\"Desalpe-Etivaz-Blog-23-03.jpg\" \/><div class=\"swiper-lazy-preloader\"><\/div><\/figure><\/div><div class=\"swiper-slide\" role=\"group\" aria-roledescription=\"slide\" aria-label=\"2 of 4\"><figure class=\"swiper-slide-inner\"><img class=\"swiper-slide-image swiper-lazy\" data-src=\"https:\/\/shop.etivaz-aop.ch\/wp-content\/uploads\/2024\/03\/Desalpe-768x432.jpg\" alt=\"Desalpe.jpg\" \/><div class=\"swiper-lazy-preloader\"><\/div><\/figure><\/div><div class=\"swiper-slide\" role=\"group\" aria-roledescription=\"slide\" aria-label=\"3 of 4\"><figure class=\"swiper-slide-inner\"><img class=\"swiper-slide-image swiper-lazy\" data-src=\"https:\/\/shop.etivaz-aop.ch\/wp-content\/uploads\/2024\/03\/Desalpe-Etivaz-Blog-23-02-768x432.jpg\" alt=\"Desalpe-Etivaz-Blog-23-02.jpg\" \/><div class=\"swiper-lazy-preloader\"><\/div><\/figure><\/div><div class=\"swiper-slide\" role=\"group\" aria-roledescription=\"slide\" aria-label=\"4 of 4\"><figure class=\"swiper-slide-inner\"><img class=\"swiper-slide-image swiper-lazy\" data-src=\"https:\/\/shop.etivaz-aop.ch\/wp-content\/uploads\/2024\/03\/Desalpe-Etivaz-Blog-23-06-1-768x432.jpg\" alt=\"Desalpe-Etivaz-Blog-23-06-1.jpg\" \/><div class=\"swiper-lazy-preloader\"><\/div><\/figure><\/div>\t\t\t<\/div>\n\t\t\t\t\t\t\t\n\t\t\t\t\t\t\t\t\t<div class=\"swiper-pagination\"><\/div>\n\t\t\t\t\t\t\t\t\t<\/div>\n\t\t\t\t<\/div>\n\t\t\t\t<\/div>\n\t\t\t\t\t<\/div>\n\t\t<\/div>\n\t\t\t\t\t<\/div>\n\t\t<\/section>\n\t\t\t\t<\/div>","protected":false},"excerpt":{"rendered":"<p>Manifestations &#038;Animation Notre fromage pr\u00e8s de chez vous Promouvoir le fromage L\u2019Etivaz AOP \u00e0 un large public, en Suisse comme \u00e0 l\u2019\u00e9tranger, fait partie de notre mission. Entre des manifestations ou des d\u00e9gustations en cr\u00e8merie, notre fromage vient \u00e0 votre rencontre. L\u2019Etivaz AOP sur la route Tout au long de l\u2019ann\u00e9e, nous sommes pr\u00e9sents lors [&hellip;]<\/p>","protected":false},"author":330,"featured_media":0,"parent":0,"menu_order":0,"comment_status":"closed","ping_status":"closed","template":"","meta":{"_acf_changed":false,"site-sidebar-layout":"no-sidebar","site-content-layout":"page-builder","ast-site-content-layout":"full-width-container","site-content-style":"default","site-sidebar-style":"default","ast-global-header-display":"","ast-banner-title-visibility":"","ast-main-header-display":"","ast-hfb-above-header-display":"","ast-hfb-below-header-display":"","ast-hfb-mobile-header-display":"","site-post-title":"disabled","ast-breadcrumbs-content":"","ast-featured-img":"disabled","footer-sml-layout":"","theme-transparent-header-meta":"","adv-header-id-meta":"","stick-header-meta":"","header-above-stick-meta":"","header-main-stick-meta":"","header-below-stick-meta":"","astra-migrate-meta-layouts":"set","ast-page-background-enabled":"default","ast-page-background-meta":{"desktop":{"background-color":"","background-image":"","background-repeat":"repeat","background-position":"center center","background-size":"auto","background-attachment":"scroll","background-type":"","background-media":"","overlay-type":"","overlay-color":"","overlay-opacity":"","overlay-gradient":""},"tablet":{"background-color":"","background-image":"","background-repeat":"repeat","background-position":"center center","background-size":"auto","background-attachment":"scroll","background-type":"","background-media":"","overlay-type":"","overlay-color":"","overlay-opacity":"","overlay-gradient":""},"mobile":{"background-color":"","background-image":"","background-repeat":"repeat","background-position":"center center","background-size":"auto","background-attachment":"scroll","background-type":"","background-media":"","overlay-type":"","overlay-color":"","overlay-opacity":"","overlay-gradient":""}},"ast-content-background-meta":{"desktop":{"background-color":"var(--ast-global-color-5)","background-image":"","background-repeat":"repeat","background-position":"center center","background-size":"auto","background-attachment":"scroll","background-type":"","background-media":"","overlay-type":"","overlay-color":"","overlay-opacity":"","overlay-gradient":""},"tablet":{"background-color":"var(--ast-global-color-5)","background-image":"","background-repeat":"repeat","background-position":"center center","background-size":"auto","background-attachment":"scroll","background-type":"","background-media":"","overlay-type":"","overlay-color":"","overlay-opacity":"","overlay-gradient":""},"mobile":{"background-color":"var(--ast-global-color-5)","background-image":"","background-repeat":"repeat","background-position":"center center","background-size":"auto","background-attachment":"scroll","background-type":"","background-media":"","overlay-type":"","overlay-color":"","overlay-opacity":"","overlay-gradient":""}},"footnotes":""},"acf":[],"yoast_head":"<!-- This site is optimized with the Yoast SEO plugin v22.9 - https:\/\/yoast.com\/wordpress\/plugins\/seo\/ -->\n<title>Manifestations &amp; Animation - Etivaz AOP<\/title>\n<meta name=\"robots\" content=\"index, follow, max-snippet:-1, max-image-preview:large, max-video-preview:-1\" \/>\n<link rel=\"canonical\" href=\"https:\/\/shop.etivaz-aop.ch\/de\/manifestations-animation\/\" \/>\n<meta property=\"og:locale\" content=\"de_DE\" \/>\n<meta property=\"og:type\" content=\"article\" \/>\n<meta property=\"og:title\" content=\"Manifestations &amp; Animation - Etivaz AOP\" \/>\n<meta property=\"og:description\" content=\"Manifestations &#038;Animation Notre fromage pr\u00e8s de chez vous Promouvoir le fromage L\u2019Etivaz AOP \u00e0 un large public, en Suisse comme \u00e0 l\u2019\u00e9tranger, fait partie de notre mission. Entre des manifestations ou des d\u00e9gustations en cr\u00e8merie, notre fromage vient \u00e0 votre rencontre. L\u2019Etivaz AOP sur la route Tout au long de l\u2019ann\u00e9e, nous sommes pr\u00e9sents lors [&hellip;]\" \/>\n<meta property=\"og:url\" content=\"https:\/\/shop.etivaz-aop.ch\/de\/manifestations-animation\/\" \/>\n<meta property=\"og:site_name\" content=\"Etivaz AOP\" \/>\n<meta property=\"article:publisher\" content=\"https:\/\/www.facebook.com\/letivaz.aop\" \/>\n<meta property=\"article:modified_time\" content=\"2024-03-25T16:48:40+00:00\" \/>\n<meta property=\"og:image\" content=\"https:\/\/shop.etivaz-aop.ch\/wp-content\/uploads\/2024\/03\/Desalpe-Etivaz-Blog-23-03-768x432.jpg\" \/>\n<meta name=\"twitter:card\" content=\"summary_large_image\" \/>\n<meta name=\"twitter:site\" content=\"@etivazaop\" \/>\n<meta name=\"twitter:label1\" content=\"Gesch\u00e4tzte Lesezeit\" \/>\n\t<meta name=\"twitter:data1\" content=\"1 Minute\" \/>\n<script type=\"application\/ld+json\" class=\"yoast-schema-graph\">{\"@context\":\"https:\/\/schema.org\",\"@graph\":[{\"@type\":\"WebPage\",\"@id\":\"https:\/\/shop.etivaz-aop.ch\/manifestations-animation\/\",\"url\":\"https:\/\/shop.etivaz-aop.ch\/manifestations-animation\/\",\"name\":\"Manifestations &amp; Animation - Etivaz AOP\",\"isPartOf\":{\"@id\":\"https:\/\/shop.etivaz-aop.ch\/#website\"},\"primaryImageOfPage\":{\"@id\":\"https:\/\/shop.etivaz-aop.ch\/manifestations-animation\/#primaryimage\"},\"image\":{\"@id\":\"https:\/\/shop.etivaz-aop.ch\/manifestations-animation\/#primaryimage\"},\"thumbnailUrl\":\"https:\/\/shop.etivaz-aop.ch\/wp-content\/uploads\/2024\/03\/Desalpe-Etivaz-Blog-23-03-768x432.jpg\",\"datePublished\":\"2024-03-25T16:47:23+00:00\",\"dateModified\":\"2024-03-25T16:48:40+00:00\",\"breadcrumb\":{\"@id\":\"https:\/\/shop.etivaz-aop.ch\/manifestations-animation\/#breadcrumb\"},\"inLanguage\":\"de-CH\",\"potentialAction\":[{\"@type\":\"ReadAction\",\"target\":[\"https:\/\/shop.etivaz-aop.ch\/manifestations-animation\/\"]}]},{\"@type\":\"ImageObject\",\"inLanguage\":\"de-CH\",\"@id\":\"https:\/\/shop.etivaz-aop.ch\/manifestations-animation\/#primaryimage\",\"url\":\"https:\/\/shop.etivaz-aop.ch\/wp-content\/uploads\/2024\/03\/Desalpe-Etivaz-Blog-23-03-768x432.jpg\",\"contentUrl\":\"https:\/\/shop.etivaz-aop.ch\/wp-content\/uploads\/2024\/03\/Desalpe-Etivaz-Blog-23-03-768x432.jpg\"},{\"@type\":\"BreadcrumbList\",\"@id\":\"https:\/\/shop.etivaz-aop.ch\/manifestations-animation\/#breadcrumb\",\"itemListElement\":[{\"@type\":\"ListItem\",\"position\":1,\"name\":\"Home\",\"item\":\"https:\/\/shop.etivaz-aop.ch\/\"},{\"@type\":\"ListItem\",\"position\":2,\"name\":\"Manifestations &amp; Animation\"}]},{\"@type\":\"WebSite\",\"@id\":\"https:\/\/shop.etivaz-aop.ch\/#website\",\"url\":\"https:\/\/shop.etivaz-aop.ch\/\",\"name\":\"Boutique de l'Etivaz AOP\",\"description\":\"\",\"publisher\":{\"@id\":\"https:\/\/shop.etivaz-aop.ch\/#organization\"},\"potentialAction\":[{\"@type\":\"SearchAction\",\"target\":{\"@type\":\"EntryPoint\",\"urlTemplate\":\"https:\/\/shop.etivaz-aop.ch\/?s={search_term_string}\"},\"query-input\":\"required name=search_term_string\"}],\"inLanguage\":\"de-CH\"},{\"@type\":\"Organization\",\"@id\":\"https:\/\/shop.etivaz-aop.ch\/#organization\",\"name\":\"Cooperatives des Producteurs de L'Etivaz\",\"url\":\"https:\/\/shop.etivaz-aop.ch\/\",\"logo\":{\"@type\":\"ImageObject\",\"inLanguage\":\"de-CH\",\"@id\":\"https:\/\/shop.etivaz-aop.ch\/#\/schema\/logo\/image\/\",\"url\":\"https:\/\/shop.etivaz-aop.ch\/wp-content\/uploads\/2021\/05\/ETIVAZ_logo_auFeuBois_RVB_20150811.png\",\"contentUrl\":\"https:\/\/shop.etivaz-aop.ch\/wp-content\/uploads\/2021\/05\/ETIVAZ_logo_auFeuBois_RVB_20150811.png\",\"width\":2133,\"height\":1241,\"caption\":\"Cooperatives des Producteurs de L'Etivaz\"},\"image\":{\"@id\":\"https:\/\/shop.etivaz-aop.ch\/#\/schema\/logo\/image\/\"},\"sameAs\":[\"https:\/\/www.facebook.com\/letivaz.aop\",\"https:\/\/x.com\/etivazaop\",\"https:\/\/www.instagram.com\/etivaz\/\",\"https:\/\/www.pinterest.ch\/etivazaop\/_created\/\",\"https:\/\/www.youtube.com\/channel\/UC_QM4nMQnnnjtYh57mGf1yQ\",\"https:\/\/fr.wikipedia.org\/wiki\/L'Etivaz\"]}]}<\/script>\n<!-- \/ Yoast SEO plugin. -->","yoast_head_json":{"title":"Manifestations &amp; Animation - Etivaz AOP","robots":{"index":"index","follow":"follow","max-snippet":"max-snippet:-1","max-image-preview":"max-image-preview:large","max-video-preview":"max-video-preview:-1"},"canonical":"https:\/\/shop.etivaz-aop.ch\/de\/manifestations-animation\/","og_locale":"de_DE","og_type":"article","og_title":"Manifestations &amp; Animation - Etivaz AOP","og_description":"Manifestations &#038;Animation Notre fromage pr\u00e8s de chez vous Promouvoir le fromage L\u2019Etivaz AOP \u00e0 un large public, en Suisse comme \u00e0 l\u2019\u00e9tranger, fait partie de notre mission. Entre des manifestations ou des d\u00e9gustations en cr\u00e8merie, notre fromage vient \u00e0 votre rencontre. L\u2019Etivaz AOP sur la route Tout au long de l\u2019ann\u00e9e, nous sommes pr\u00e9sents lors [&hellip;]","og_url":"https:\/\/shop.etivaz-aop.ch\/de\/manifestations-animation\/","og_site_name":"Etivaz AOP","article_publisher":"https:\/\/www.facebook.com\/letivaz.aop","article_modified_time":"2024-03-25T16:48:40+00:00","og_image":[{"url":"https:\/\/shop.etivaz-aop.ch\/wp-content\/uploads\/2024\/03\/Desalpe-Etivaz-Blog-23-03-768x432.jpg"}],"twitter_card":"summary_large_image","twitter_site":"@etivazaop","twitter_misc":{"Gesch\u00e4tzte Lesezeit":"1 Minute"},"schema":{"@context":"https:\/\/schema.org","@graph":[{"@type":"WebPage","@id":"https:\/\/shop.etivaz-aop.ch\/manifestations-animation\/","url":"https:\/\/shop.etivaz-aop.ch\/manifestations-animation\/","name":"Manifestations &amp; Animation - Etivaz AOP","isPartOf":{"@id":"https:\/\/shop.etivaz-aop.ch\/#website"},"primaryImageOfPage":{"@id":"https:\/\/shop.etivaz-aop.ch\/manifestations-animation\/#primaryimage"},"image":{"@id":"https:\/\/shop.etivaz-aop.ch\/manifestations-animation\/#primaryimage"},"thumbnailUrl":"https:\/\/shop.etivaz-aop.ch\/wp-content\/uploads\/2024\/03\/Desalpe-Etivaz-Blog-23-03-768x432.jpg","datePublished":"2024-03-25T16:47:23+00:00","dateModified":"2024-03-25T16:48:40+00:00","breadcrumb":{"@id":"https:\/\/shop.etivaz-aop.ch\/manifestations-animation\/#breadcrumb"},"inLanguage":"de-CH","potentialAction":[{"@type":"ReadAction","target":["https:\/\/shop.etivaz-aop.ch\/manifestations-animation\/"]}]},{"@type":"ImageObject","inLanguage":"de-CH","@id":"https:\/\/shop.etivaz-aop.ch\/manifestations-animation\/#primaryimage","url":"https:\/\/shop.etivaz-aop.ch\/wp-content\/uploads\/2024\/03\/Desalpe-Etivaz-Blog-23-03-768x432.jpg","contentUrl":"https:\/\/shop.etivaz-aop.ch\/wp-content\/uploads\/2024\/03\/Desalpe-Etivaz-Blog-23-03-768x432.jpg"},{"@type":"BreadcrumbList","@id":"https:\/\/shop.etivaz-aop.ch\/manifestations-animation\/#breadcrumb","itemListElement":[{"@type":"ListItem","position":1,"name":"Home","item":"https:\/\/shop.etivaz-aop.ch\/"},{"@type":"ListItem","position":2,"name":"Manifestations &amp; Animation"}]},{"@type":"WebSite","@id":"https:\/\/shop.etivaz-aop.ch\/#website","url":"https:\/\/shop.etivaz-aop.ch\/","name":"Boutique de l'Etivaz AOP","description":"","publisher":{"@id":"https:\/\/shop.etivaz-aop.ch\/#organization"},"potentialAction":[{"@type":"SearchAction","target":{"@type":"EntryPoint","urlTemplate":"https:\/\/shop.etivaz-aop.ch\/?s={search_term_string}"},"query-input":"required name=search_term_string"}],"inLanguage":"de-CH"},{"@type":"Organization","@id":"https:\/\/shop.etivaz-aop.ch\/#organization","name":"Cooperatives des Producteurs de L'Etivaz","url":"https:\/\/shop.etivaz-aop.ch\/","logo":{"@type":"ImageObject","inLanguage":"de-CH","@id":"https:\/\/shop.etivaz-aop.ch\/#\/schema\/logo\/image\/","url":"https:\/\/shop.etivaz-aop.ch\/wp-content\/uploads\/2021\/05\/ETIVAZ_logo_auFeuBois_RVB_20150811.png","contentUrl":"https:\/\/shop.etivaz-aop.ch\/wp-content\/uploads\/2021\/05\/ETIVAZ_logo_auFeuBois_RVB_20150811.png","width":2133,"height":1241,"caption":"Cooperatives des Producteurs de L'Etivaz"},"image":{"@id":"https:\/\/shop.etivaz-aop.ch\/#\/schema\/logo\/image\/"},"sameAs":["https:\/\/www.facebook.com\/letivaz.aop","https:\/\/x.com\/etivazaop","https:\/\/www.instagram.com\/etivaz\/","https:\/\/www.pinterest.ch\/etivazaop\/_created\/","https:\/\/www.youtube.com\/channel\/UC_QM4nMQnnnjtYh57mGf1yQ","https:\/\/fr.wikipedia.org\/wiki\/L'Etivaz"]}]}},"_links":{"self":[{"href":"https:\/\/shop.etivaz-aop.ch\/de\/wp-json\/wp\/v2\/pages\/9200"}],"collection":[{"href":"https:\/\/shop.etivaz-aop.ch\/de\/wp-json\/wp\/v2\/pages"}],"about":[{"href":"https:\/\/shop.etivaz-aop.ch\/de\/wp-json\/wp\/v2\/types\/page"}],"author":[{"embeddable":true,"href":"https:\/\/shop.etivaz-aop.ch\/de\/wp-json\/wp\/v2\/users\/330"}],"replies":[{"embeddable":true,"href":"https:\/\/shop.etivaz-aop.ch\/de\/wp-json\/wp\/v2\/comments?post=9200"}],"version-history":[{"count":4,"href":"https:\/\/shop.etivaz-aop.ch\/de\/wp-json\/wp\/v2\/pages\/9200\/revisions"}],"predecessor-version":[{"id":9320,"href":"https:\/\/shop.etivaz-aop.ch\/de\/wp-json\/wp\/v2\/pages\/9200\/revisions\/9320"}],"wp:attachment":[{"href":"https:\/\/shop.etivaz-aop.ch\/de\/wp-json\/wp\/v2\/media?parent=9200"}],"curies":[{"name":"wp","href":"https:\/\/api.w.org\/{rel}","templated":true}]}}