{"id":3869,"date":"2020-11-12T13:00:37","date_gmt":"2020-11-12T12:00:37","guid":{"rendered":"https:\/\/local.shop.etivaz-aop.ch\/?post_type=product&#038;p=3869"},"modified":"2025-02-16T13:41:34","modified_gmt":"2025-02-16T12:41:34","slug":"fondue-dalpage-au-letivaz-aop","status":"publish","type":"product","link":"https:\/\/shop.etivaz-aop.ch\/de\/produkt\/fondue-dalpage-au-letivaz-aop\/","title":{"rendered":"Fondue d&rsquo;alpage 100% L&rsquo;Etivaz AOP"},"content":{"rendered":"<p>Cette fondue est unique, compos\u00e9e exclusivement de <a href=\"https:\/\/shop-etivaz-aop.techniconcept.ch\/product-category\/fromages\/letivaz-aop-conventionnel\/\">L\u2019Etivaz AOP.<\/a><\/p>\n<p>Pr\u00eate \u00e0 l\u2019emploi, il suffit de compl\u00e9ter le m\u00e9lange avec du vin blanc, de la bi\u00e8re ou du champagne. Son go\u00fbt unique \u00e9gaiera vos repas d&rsquo;une atmosph\u00e8re conviviale et authentique. Ce m\u00e9lange onctueux aux saveurs alpestres un peu cors\u00e9es se d\u00e9guste tout l&rsquo;ann\u00e9e sans mod\u00e9ration!<\/p>\n<p><em>Avis aux gourmands: la fondue se conserve 6 mois au cong\u00e9lateur, sans alt\u00e9ration de go\u00fbt alors n&rsquo;h\u00e9sitez plus! En avoir une sous la main c&rsquo;est toujours bien !<\/em><\/p>\n<p>&nbsp;<\/p>","protected":false},"excerpt":{"rendered":"<p>Compos\u00e9e exclusivement de L&rsquo;Etivaz AOP \u00e0 diff\u00e9rents stades d&rsquo;affinage pour \u00e9quilibrer le go\u00fbt, cette fondue est onctueuse et raffin\u00e9e.<\/p>\n<p><em><strong>Avis aux gourmands:<\/strong> la fondue se conserve 6 mois au cong\u00e9lateur, sans alt\u00e9ration de go\u00fbt alors n&rsquo;h\u00e9sitez plus! En avoir une sous la main c&rsquo;est toujours bien !<\/em><\/p>","protected":false},"featured_media":3894,"template":"","meta":{"_acf_changed":false,"site-sidebar-layout":"default","site-content-layout":"default","ast-site-content-layout":"default","site-content-style":"default","site-sidebar-style":"default","ast-global-header-display":"","ast-banner-title-visibility":"","ast-main-header-display":"","ast-hfb-above-header-display":"","ast-hfb-below-header-display":"","ast-hfb-mobile-header-display":"","site-post-title":"","ast-breadcrumbs-content":"","ast-featured-img":"","footer-sml-layout":"","theme-transparent-header-meta":"default","adv-header-id-meta":"","stick-header-meta":"","header-above-stick-meta":"","header-main-stick-meta":"","header-below-stick-meta":"","astra-migrate-meta-layouts":"set","ast-page-background-enabled":"default","ast-page-background-meta":{"desktop":{"background-color":"","background-image":"","background-repeat":"repeat","background-position":"center center","background-size":"auto","background-attachment":"scroll","background-type":"","background-media":"","overlay-type":"","overlay-color":"","overlay-opacity":"","overlay-gradient":""},"tablet":{"background-color":"","background-image":"","background-repeat":"repeat","background-position":"center center","background-size":"auto","background-attachment":"scroll","background-type":"","background-media":"","overlay-type":"","overlay-color":"","overlay-opacity":"","overlay-gradient":""},"mobile":{"background-color":"","background-image":"","background-repeat":"repeat","background-position":"center center","background-size":"auto","background-attachment":"scroll","background-type":"","background-media":"","overlay-type":"","overlay-color":"","overlay-opacity":"","overlay-gradient":""}},"ast-content-background-meta":{"desktop":{"background-color":"var(--ast-global-color-5)","background-image":"","background-repeat":"repeat","background-position":"center center","background-size":"auto","background-attachment":"scroll","background-type":"","background-media":"","overlay-type":"","overlay-color":"","overlay-opacity":"","overlay-gradient":""},"tablet":{"background-color":"var(--ast-global-color-5)","background-image":"","background-repeat":"repeat","background-position":"center center","background-size":"auto","background-attachment":"scroll","background-type":"","background-media":"","overlay-type":"","overlay-color":"","overlay-opacity":"","overlay-gradient":""},"mobile":{"background-color":"var(--ast-global-color-5)","background-image":"","background-repeat":"repeat","background-position":"center center","background-size":"auto","background-attachment":"scroll","background-type":"","background-media":"","overlay-type":"","overlay-color":"","overlay-opacity":"","overlay-gradient":""}}},"product_cat":[33,55,56],"product_tag":[],"acf":[],"yoast_head":"<!-- This site is optimized with the Yoast SEO plugin v22.9 - https:\/\/yoast.com\/wordpress\/plugins\/seo\/ -->\n<title>Fondue d&#039;alpage 100% L&#039;Etivaz AOP - Etivaz AOP<\/title>\n<meta name=\"robots\" content=\"index, follow, max-snippet:-1, max-image-preview:large, max-video-preview:-1\" \/>\n<link rel=\"canonical\" href=\"https:\/\/shop.etivaz-aop.ch\/de\/produkt\/fondue-dalpage-au-letivaz-aop\/\" \/>\n<meta property=\"og:locale\" content=\"de_DE\" \/>\n<meta property=\"og:type\" content=\"article\" \/>\n<meta property=\"og:title\" content=\"Fondue d&#039;alpage 100% L&#039;Etivaz AOP - Etivaz AOP\" \/>\n<meta property=\"og:description\" content=\"Compos\u00e9e exclusivement de L&#039;Etivaz AOP \u00e0 diff\u00e9rents stades d&#039;affinage pour \u00e9quilibrer le go\u00fbt, cette fondue est onctueuse et raffin\u00e9e.  Avis aux gourmands: la fondue se conserve 6 mois au cong\u00e9lateur, sans alt\u00e9ration de go\u00fbt alors n&#039;h\u00e9sitez plus! En avoir une sous la main c&#039;est toujours bien !\" \/>\n<meta property=\"og:url\" content=\"https:\/\/shop.etivaz-aop.ch\/de\/produkt\/fondue-dalpage-au-letivaz-aop\/\" \/>\n<meta property=\"og:site_name\" content=\"Etivaz AOP\" \/>\n<meta property=\"article:publisher\" content=\"https:\/\/www.facebook.com\/letivaz.aop\" \/>\n<meta property=\"article:modified_time\" content=\"2025-02-16T12:41:34+00:00\" \/>\n<meta property=\"og:image\" content=\"https:\/\/shop.etivaz-aop.ch\/wp-content\/uploads\/2020\/11\/produit-fondue.png\" \/>\n\t<meta property=\"og:image:width\" content=\"502\" \/>\n\t<meta property=\"og:image:height\" content=\"502\" \/>\n\t<meta property=\"og:image:type\" content=\"image\/png\" \/>\n<meta name=\"twitter:card\" content=\"summary_large_image\" \/>\n<meta name=\"twitter:site\" content=\"@etivazaop\" \/>\n<meta name=\"twitter:label1\" content=\"Gesch\u00e4tzte Lesezeit\" \/>\n\t<meta name=\"twitter:data1\" content=\"1 Minute\" \/>\n<script type=\"application\/ld+json\" class=\"yoast-schema-graph\">{\"@context\":\"https:\/\/schema.org\",\"@graph\":[{\"@type\":\"WebPage\",\"@id\":\"https:\/\/shop.etivaz-aop.ch\/produit\/fondue-dalpage-au-letivaz-aop\/\",\"url\":\"https:\/\/shop.etivaz-aop.ch\/produit\/fondue-dalpage-au-letivaz-aop\/\",\"name\":\"Fondue d'alpage 100% L'Etivaz AOP - Etivaz AOP\",\"isPartOf\":{\"@id\":\"https:\/\/shop.etivaz-aop.ch\/#website\"},\"primaryImageOfPage\":{\"@id\":\"https:\/\/shop.etivaz-aop.ch\/produit\/fondue-dalpage-au-letivaz-aop\/#primaryimage\"},\"image\":{\"@id\":\"https:\/\/shop.etivaz-aop.ch\/produit\/fondue-dalpage-au-letivaz-aop\/#primaryimage\"},\"thumbnailUrl\":\"https:\/\/shop.etivaz-aop.ch\/wp-content\/uploads\/2020\/11\/produit-fondue.png\",\"datePublished\":\"2020-11-12T12:00:37+00:00\",\"dateModified\":\"2025-02-16T12:41:34+00:00\",\"breadcrumb\":{\"@id\":\"https:\/\/shop.etivaz-aop.ch\/produit\/fondue-dalpage-au-letivaz-aop\/#breadcrumb\"},\"inLanguage\":\"de-CH\",\"potentialAction\":[{\"@type\":\"ReadAction\",\"target\":[\"https:\/\/shop.etivaz-aop.ch\/produit\/fondue-dalpage-au-letivaz-aop\/\"]}]},{\"@type\":\"ImageObject\",\"inLanguage\":\"de-CH\",\"@id\":\"https:\/\/shop.etivaz-aop.ch\/produit\/fondue-dalpage-au-letivaz-aop\/#primaryimage\",\"url\":\"https:\/\/shop.etivaz-aop.ch\/wp-content\/uploads\/2020\/11\/produit-fondue.png\",\"contentUrl\":\"https:\/\/shop.etivaz-aop.ch\/wp-content\/uploads\/2020\/11\/produit-fondue.png\",\"width\":502,\"height\":502},{\"@type\":\"BreadcrumbList\",\"@id\":\"https:\/\/shop.etivaz-aop.ch\/produit\/fondue-dalpage-au-letivaz-aop\/#breadcrumb\",\"itemListElement\":[{\"@type\":\"ListItem\",\"position\":1,\"name\":\"Home\",\"item\":\"https:\/\/shop.etivaz-aop.ch\/\"},{\"@type\":\"ListItem\",\"position\":2,\"name\":\"Produits\",\"item\":\"https:\/\/shop.etivaz-aop.ch\/boutique\/\"},{\"@type\":\"ListItem\",\"position\":3,\"name\":\"Fondue d&rsquo;alpage 100% L&rsquo;Etivaz AOP\"}]},{\"@type\":\"WebSite\",\"@id\":\"https:\/\/shop.etivaz-aop.ch\/#website\",\"url\":\"https:\/\/shop.etivaz-aop.ch\/\",\"name\":\"Boutique de l'Etivaz AOP\",\"description\":\"\",\"publisher\":{\"@id\":\"https:\/\/shop.etivaz-aop.ch\/#organization\"},\"potentialAction\":[{\"@type\":\"SearchAction\",\"target\":{\"@type\":\"EntryPoint\",\"urlTemplate\":\"https:\/\/shop.etivaz-aop.ch\/?s={search_term_string}\"},\"query-input\":\"required name=search_term_string\"}],\"inLanguage\":\"de-CH\"},{\"@type\":\"Organization\",\"@id\":\"https:\/\/shop.etivaz-aop.ch\/#organization\",\"name\":\"Cooperatives des Producteurs de L'Etivaz\",\"url\":\"https:\/\/shop.etivaz-aop.ch\/\",\"logo\":{\"@type\":\"ImageObject\",\"inLanguage\":\"de-CH\",\"@id\":\"https:\/\/shop.etivaz-aop.ch\/#\/schema\/logo\/image\/\",\"url\":\"https:\/\/shop.etivaz-aop.ch\/wp-content\/uploads\/2021\/05\/ETIVAZ_logo_auFeuBois_RVB_20150811.png\",\"contentUrl\":\"https:\/\/shop.etivaz-aop.ch\/wp-content\/uploads\/2021\/05\/ETIVAZ_logo_auFeuBois_RVB_20150811.png\",\"width\":2133,\"height\":1241,\"caption\":\"Cooperatives des Producteurs de L'Etivaz\"},\"image\":{\"@id\":\"https:\/\/shop.etivaz-aop.ch\/#\/schema\/logo\/image\/\"},\"sameAs\":[\"https:\/\/www.facebook.com\/letivaz.aop\",\"https:\/\/x.com\/etivazaop\",\"https:\/\/www.instagram.com\/etivaz\/\",\"https:\/\/www.pinterest.ch\/etivazaop\/_created\/\",\"https:\/\/www.youtube.com\/channel\/UC_QM4nMQnnnjtYh57mGf1yQ\",\"https:\/\/fr.wikipedia.org\/wiki\/L'Etivaz\"]}]}<\/script>\n<!-- \/ Yoast SEO plugin. -->","yoast_head_json":{"title":"Fondue d'alpage 100% L'Etivaz AOP - Etivaz AOP","robots":{"index":"index","follow":"follow","max-snippet":"max-snippet:-1","max-image-preview":"max-image-preview:large","max-video-preview":"max-video-preview:-1"},"canonical":"https:\/\/shop.etivaz-aop.ch\/de\/produkt\/fondue-dalpage-au-letivaz-aop\/","og_locale":"de_DE","og_type":"article","og_title":"Fondue d'alpage 100% L'Etivaz AOP - Etivaz AOP","og_description":"Compos\u00e9e exclusivement de L'Etivaz AOP \u00e0 diff\u00e9rents stades d'affinage pour \u00e9quilibrer le go\u00fbt, cette fondue est onctueuse et raffin\u00e9e.  Avis aux gourmands: la fondue se conserve 6 mois au cong\u00e9lateur, sans alt\u00e9ration de go\u00fbt alors n'h\u00e9sitez plus! En avoir une sous la main c'est toujours bien !","og_url":"https:\/\/shop.etivaz-aop.ch\/de\/produkt\/fondue-dalpage-au-letivaz-aop\/","og_site_name":"Etivaz AOP","article_publisher":"https:\/\/www.facebook.com\/letivaz.aop","article_modified_time":"2025-02-16T12:41:34+00:00","og_image":[{"width":502,"height":502,"url":"https:\/\/shop.etivaz-aop.ch\/wp-content\/uploads\/2020\/11\/produit-fondue.png","type":"image\/png"}],"twitter_card":"summary_large_image","twitter_site":"@etivazaop","twitter_misc":{"Gesch\u00e4tzte Lesezeit":"1 Minute"},"schema":{"@context":"https:\/\/schema.org","@graph":[{"@type":"WebPage","@id":"https:\/\/shop.etivaz-aop.ch\/produit\/fondue-dalpage-au-letivaz-aop\/","url":"https:\/\/shop.etivaz-aop.ch\/produit\/fondue-dalpage-au-letivaz-aop\/","name":"Fondue d'alpage 100% L'Etivaz AOP - Etivaz AOP","isPartOf":{"@id":"https:\/\/shop.etivaz-aop.ch\/#website"},"primaryImageOfPage":{"@id":"https:\/\/shop.etivaz-aop.ch\/produit\/fondue-dalpage-au-letivaz-aop\/#primaryimage"},"image":{"@id":"https:\/\/shop.etivaz-aop.ch\/produit\/fondue-dalpage-au-letivaz-aop\/#primaryimage"},"thumbnailUrl":"https:\/\/shop.etivaz-aop.ch\/wp-content\/uploads\/2020\/11\/produit-fondue.png","datePublished":"2020-11-12T12:00:37+00:00","dateModified":"2025-02-16T12:41:34+00:00","breadcrumb":{"@id":"https:\/\/shop.etivaz-aop.ch\/produit\/fondue-dalpage-au-letivaz-aop\/#breadcrumb"},"inLanguage":"de-CH","potentialAction":[{"@type":"ReadAction","target":["https:\/\/shop.etivaz-aop.ch\/produit\/fondue-dalpage-au-letivaz-aop\/"]}]},{"@type":"ImageObject","inLanguage":"de-CH","@id":"https:\/\/shop.etivaz-aop.ch\/produit\/fondue-dalpage-au-letivaz-aop\/#primaryimage","url":"https:\/\/shop.etivaz-aop.ch\/wp-content\/uploads\/2020\/11\/produit-fondue.png","contentUrl":"https:\/\/shop.etivaz-aop.ch\/wp-content\/uploads\/2020\/11\/produit-fondue.png","width":502,"height":502},{"@type":"BreadcrumbList","@id":"https:\/\/shop.etivaz-aop.ch\/produit\/fondue-dalpage-au-letivaz-aop\/#breadcrumb","itemListElement":[{"@type":"ListItem","position":1,"name":"Home","item":"https:\/\/shop.etivaz-aop.ch\/"},{"@type":"ListItem","position":2,"name":"Produits","item":"https:\/\/shop.etivaz-aop.ch\/boutique\/"},{"@type":"ListItem","position":3,"name":"Fondue d&rsquo;alpage 100% L&rsquo;Etivaz AOP"}]},{"@type":"WebSite","@id":"https:\/\/shop.etivaz-aop.ch\/#website","url":"https:\/\/shop.etivaz-aop.ch\/","name":"Boutique de l'Etivaz AOP","description":"","publisher":{"@id":"https:\/\/shop.etivaz-aop.ch\/#organization"},"potentialAction":[{"@type":"SearchAction","target":{"@type":"EntryPoint","urlTemplate":"https:\/\/shop.etivaz-aop.ch\/?s={search_term_string}"},"query-input":"required name=search_term_string"}],"inLanguage":"de-CH"},{"@type":"Organization","@id":"https:\/\/shop.etivaz-aop.ch\/#organization","name":"Cooperatives des Producteurs de L'Etivaz","url":"https:\/\/shop.etivaz-aop.ch\/","logo":{"@type":"ImageObject","inLanguage":"de-CH","@id":"https:\/\/shop.etivaz-aop.ch\/#\/schema\/logo\/image\/","url":"https:\/\/shop.etivaz-aop.ch\/wp-content\/uploads\/2021\/05\/ETIVAZ_logo_auFeuBois_RVB_20150811.png","contentUrl":"https:\/\/shop.etivaz-aop.ch\/wp-content\/uploads\/2021\/05\/ETIVAZ_logo_auFeuBois_RVB_20150811.png","width":2133,"height":1241,"caption":"Cooperatives des Producteurs de L'Etivaz"},"image":{"@id":"https:\/\/shop.etivaz-aop.ch\/#\/schema\/logo\/image\/"},"sameAs":["https:\/\/www.facebook.com\/letivaz.aop","https:\/\/x.com\/etivazaop","https:\/\/www.instagram.com\/etivaz\/","https:\/\/www.pinterest.ch\/etivazaop\/_created\/","https:\/\/www.youtube.com\/channel\/UC_QM4nMQnnnjtYh57mGf1yQ","https:\/\/fr.wikipedia.org\/wiki\/L'Etivaz"]}]}},"_links":{"self":[{"href":"https:\/\/shop.etivaz-aop.ch\/de\/wp-json\/wp\/v2\/product\/3869"}],"collection":[{"href":"https:\/\/shop.etivaz-aop.ch\/de\/wp-json\/wp\/v2\/product"}],"about":[{"href":"https:\/\/shop.etivaz-aop.ch\/de\/wp-json\/wp\/v2\/types\/product"}],"wp:featuredmedia":[{"embeddable":true,"href":"https:\/\/shop.etivaz-aop.ch\/de\/wp-json\/wp\/v2\/media\/3894"}],"wp:attachment":[{"href":"https:\/\/shop.etivaz-aop.ch\/de\/wp-json\/wp\/v2\/media?parent=3869"}],"wp:term":[{"taxonomy":"product_cat","embeddable":true,"href":"https:\/\/shop.etivaz-aop.ch\/de\/wp-json\/wp\/v2\/product_cat?post=3869"},{"taxonomy":"product_tag","embeddable":true,"href":"https:\/\/shop.etivaz-aop.ch\/de\/wp-json\/wp\/v2\/product_tag?post=3869"}],"curies":[{"name":"wp","href":"https:\/\/api.w.org\/{rel}","templated":true}]}}