{"id":4379,"date":"2021-02-01T11:29:49","date_gmt":"2021-02-01T10:29:49","guid":{"rendered":"https:\/\/shop-etivaz-aop.techniconcept.ch\/?post_type=product&#038;p=4379"},"modified":"2024-04-08T10:31:20","modified_gmt":"2024-04-08T08:31:20","slug":"refroidisseur-a-bouteille","status":"publish","type":"product","link":"https:\/\/shop.etivaz-aop.ch\/de\/produkt\/refroidisseur-a-bouteille\/","title":{"rendered":"Refroidisseur \u00e0 bouteille"},"content":{"rendered":"<p>&nbsp;<\/p>\n<p>Id\u00e9al en cas d&rsquo;ap\u00e9ro improvis\u00e9 sans bouteille en r\u00e9serve au frigo! Ce refroidisseur se conserve au cong\u00e9lateur et permet de rafra\u00eechir rapidement une bouteille de vin. Petit plus: ses \u00e9lastiques sur les c\u00f4t\u00e9s lui donnent l&rsquo;avantage de s&rsquo;adapter \u00e0 tous les formats. Alors&#8230; champagne!<\/p>","protected":false},"excerpt":{"rendered":"<p>&nbsp; Id\u00e9al en cas d&rsquo;ap\u00e9ro improvis\u00e9 sans bouteille en r\u00e9serve au frigo! Ce refroidisseur se conserve au cong\u00e9lateur et permet de rafra\u00eechir rapidement une bouteille de vin. Petit plus: ses \u00e9lastiques sur les c\u00f4t\u00e9s lui donnent l&rsquo;avantage de s&rsquo;adapter \u00e0 tous les formats. Alors&#8230; champagne!<\/p>","protected":false},"featured_media":9539,"template":"","meta":{"_acf_changed":false,"site-sidebar-layout":"default","site-content-layout":"default","ast-site-content-layout":"default","site-content-style":"default","site-sidebar-style":"default","ast-global-header-display":"","ast-banner-title-visibility":"","ast-main-header-display":"","ast-hfb-above-header-display":"","ast-hfb-below-header-display":"","ast-hfb-mobile-header-display":"","site-post-title":"","ast-breadcrumbs-content":"","ast-featured-img":"","footer-sml-layout":"","theme-transparent-header-meta":"default","adv-header-id-meta":"","stick-header-meta":"","header-above-stick-meta":"","header-main-stick-meta":"","header-below-stick-meta":"","astra-migrate-meta-layouts":"set","ast-page-background-enabled":"default","ast-page-background-meta":{"desktop":{"background-color":"","background-image":"","background-repeat":"repeat","background-position":"center center","background-size":"auto","background-attachment":"scroll","background-type":"","background-media":"","overlay-type":"","overlay-color":"","overlay-opacity":"","overlay-gradient":""},"tablet":{"background-color":"","background-image":"","background-repeat":"repeat","background-position":"center center","background-size":"auto","background-attachment":"scroll","background-type":"","background-media":"","overlay-type":"","overlay-color":"","overlay-opacity":"","overlay-gradient":""},"mobile":{"background-color":"","background-image":"","background-repeat":"repeat","background-position":"center center","background-size":"auto","background-attachment":"scroll","background-type":"","background-media":"","overlay-type":"","overlay-color":"","overlay-opacity":"","overlay-gradient":""}},"ast-content-background-meta":{"desktop":{"background-color":"var(--ast-global-color-5)","background-image":"","background-repeat":"repeat","background-position":"center center","background-size":"auto","background-attachment":"scroll","background-type":"","background-media":"","overlay-type":"","overlay-color":"","overlay-opacity":"","overlay-gradient":""},"tablet":{"background-color":"var(--ast-global-color-5)","background-image":"","background-repeat":"repeat","background-position":"center center","background-size":"auto","background-attachment":"scroll","background-type":"","background-media":"","overlay-type":"","overlay-color":"","overlay-opacity":"","overlay-gradient":""},"mobile":{"background-color":"var(--ast-global-color-5)","background-image":"","background-repeat":"repeat","background-position":"center center","background-size":"auto","background-attachment":"scroll","background-type":"","background-media":"","overlay-type":"","overlay-color":"","overlay-opacity":"","overlay-gradient":""}}},"product_cat":[42],"product_tag":[],"acf":[],"yoast_head":"<!-- This site is optimized with the Yoast SEO plugin v22.9 - https:\/\/yoast.com\/wordpress\/plugins\/seo\/ -->\n<title>Refroidisseur \u00e0 bouteille - Etivaz AOP<\/title>\n<meta name=\"robots\" content=\"index, follow, max-snippet:-1, max-image-preview:large, max-video-preview:-1\" \/>\n<link rel=\"canonical\" href=\"https:\/\/shop.etivaz-aop.ch\/de\/produkt\/refroidisseur-a-bouteille\/\" \/>\n<meta property=\"og:locale\" content=\"de_DE\" \/>\n<meta property=\"og:type\" content=\"article\" \/>\n<meta property=\"og:title\" content=\"Refroidisseur \u00e0 bouteille - Etivaz AOP\" \/>\n<meta property=\"og:description\" content=\"&nbsp; Id\u00e9al en cas d&rsquo;ap\u00e9ro improvis\u00e9 sans bouteille en r\u00e9serve au frigo! Ce refroidisseur se conserve au cong\u00e9lateur et permet de rafra\u00eechir rapidement une bouteille de vin. Petit plus: ses \u00e9lastiques sur les c\u00f4t\u00e9s lui donnent l&rsquo;avantage de s&rsquo;adapter \u00e0 tous les formats. Alors&#8230; champagne!\" \/>\n<meta property=\"og:url\" content=\"https:\/\/shop.etivaz-aop.ch\/de\/produkt\/refroidisseur-a-bouteille\/\" \/>\n<meta property=\"og:site_name\" content=\"Etivaz AOP\" \/>\n<meta property=\"article:publisher\" content=\"https:\/\/www.facebook.com\/letivaz.aop\" \/>\n<meta property=\"article:modified_time\" content=\"2024-04-08T08:31:20+00:00\" \/>\n<meta property=\"og:image\" content=\"https:\/\/shop.etivaz-aop.ch\/wp-content\/uploads\/2024\/04\/Refroidisseur-4.jpg\" \/>\n\t<meta property=\"og:image:width\" content=\"1467\" \/>\n\t<meta property=\"og:image:height\" content=\"2200\" \/>\n\t<meta property=\"og:image:type\" content=\"image\/jpeg\" \/>\n<meta name=\"twitter:card\" content=\"summary_large_image\" \/>\n<meta name=\"twitter:site\" content=\"@etivazaop\" \/>\n<meta name=\"twitter:label1\" content=\"Gesch\u00e4tzte Lesezeit\" \/>\n\t<meta name=\"twitter:data1\" content=\"1 Minute\" \/>\n<script type=\"application\/ld+json\" class=\"yoast-schema-graph\">{\"@context\":\"https:\/\/schema.org\",\"@graph\":[{\"@type\":\"WebPage\",\"@id\":\"https:\/\/shop.etivaz-aop.ch\/produit\/refroidisseur-a-bouteille\/\",\"url\":\"https:\/\/shop.etivaz-aop.ch\/produit\/refroidisseur-a-bouteille\/\",\"name\":\"Refroidisseur \u00e0 bouteille - Etivaz AOP\",\"isPartOf\":{\"@id\":\"https:\/\/shop.etivaz-aop.ch\/#website\"},\"primaryImageOfPage\":{\"@id\":\"https:\/\/shop.etivaz-aop.ch\/produit\/refroidisseur-a-bouteille\/#primaryimage\"},\"image\":{\"@id\":\"https:\/\/shop.etivaz-aop.ch\/produit\/refroidisseur-a-bouteille\/#primaryimage\"},\"thumbnailUrl\":\"https:\/\/shop.etivaz-aop.ch\/wp-content\/uploads\/2024\/04\/Refroidisseur-4.jpg\",\"datePublished\":\"2021-02-01T10:29:49+00:00\",\"dateModified\":\"2024-04-08T08:31:20+00:00\",\"breadcrumb\":{\"@id\":\"https:\/\/shop.etivaz-aop.ch\/produit\/refroidisseur-a-bouteille\/#breadcrumb\"},\"inLanguage\":\"de-CH\",\"potentialAction\":[{\"@type\":\"ReadAction\",\"target\":[\"https:\/\/shop.etivaz-aop.ch\/produit\/refroidisseur-a-bouteille\/\"]}]},{\"@type\":\"ImageObject\",\"inLanguage\":\"de-CH\",\"@id\":\"https:\/\/shop.etivaz-aop.ch\/produit\/refroidisseur-a-bouteille\/#primaryimage\",\"url\":\"https:\/\/shop.etivaz-aop.ch\/wp-content\/uploads\/2024\/04\/Refroidisseur-4.jpg\",\"contentUrl\":\"https:\/\/shop.etivaz-aop.ch\/wp-content\/uploads\/2024\/04\/Refroidisseur-4.jpg\",\"width\":1467,\"height\":2200},{\"@type\":\"BreadcrumbList\",\"@id\":\"https:\/\/shop.etivaz-aop.ch\/produit\/refroidisseur-a-bouteille\/#breadcrumb\",\"itemListElement\":[{\"@type\":\"ListItem\",\"position\":1,\"name\":\"Home\",\"item\":\"https:\/\/shop.etivaz-aop.ch\/\"},{\"@type\":\"ListItem\",\"position\":2,\"name\":\"Produits\",\"item\":\"https:\/\/shop.etivaz-aop.ch\/boutique\/\"},{\"@type\":\"ListItem\",\"position\":3,\"name\":\"Refroidisseur \u00e0 bouteille\"}]},{\"@type\":\"WebSite\",\"@id\":\"https:\/\/shop.etivaz-aop.ch\/#website\",\"url\":\"https:\/\/shop.etivaz-aop.ch\/\",\"name\":\"Boutique de l'Etivaz AOP\",\"description\":\"\",\"publisher\":{\"@id\":\"https:\/\/shop.etivaz-aop.ch\/#organization\"},\"potentialAction\":[{\"@type\":\"SearchAction\",\"target\":{\"@type\":\"EntryPoint\",\"urlTemplate\":\"https:\/\/shop.etivaz-aop.ch\/?s={search_term_string}\"},\"query-input\":\"required name=search_term_string\"}],\"inLanguage\":\"de-CH\"},{\"@type\":\"Organization\",\"@id\":\"https:\/\/shop.etivaz-aop.ch\/#organization\",\"name\":\"Cooperatives des Producteurs de L'Etivaz\",\"url\":\"https:\/\/shop.etivaz-aop.ch\/\",\"logo\":{\"@type\":\"ImageObject\",\"inLanguage\":\"de-CH\",\"@id\":\"https:\/\/shop.etivaz-aop.ch\/#\/schema\/logo\/image\/\",\"url\":\"https:\/\/shop.etivaz-aop.ch\/wp-content\/uploads\/2021\/05\/ETIVAZ_logo_auFeuBois_RVB_20150811.png\",\"contentUrl\":\"https:\/\/shop.etivaz-aop.ch\/wp-content\/uploads\/2021\/05\/ETIVAZ_logo_auFeuBois_RVB_20150811.png\",\"width\":2133,\"height\":1241,\"caption\":\"Cooperatives des Producteurs de L'Etivaz\"},\"image\":{\"@id\":\"https:\/\/shop.etivaz-aop.ch\/#\/schema\/logo\/image\/\"},\"sameAs\":[\"https:\/\/www.facebook.com\/letivaz.aop\",\"https:\/\/x.com\/etivazaop\",\"https:\/\/www.instagram.com\/etivaz\/\",\"https:\/\/www.pinterest.ch\/etivazaop\/_created\/\",\"https:\/\/www.youtube.com\/channel\/UC_QM4nMQnnnjtYh57mGf1yQ\",\"https:\/\/fr.wikipedia.org\/wiki\/L'Etivaz\"]}]}<\/script>\n<!-- \/ Yoast SEO plugin. -->","yoast_head_json":{"title":"Refroidisseur \u00e0 bouteille - Etivaz AOP","robots":{"index":"index","follow":"follow","max-snippet":"max-snippet:-1","max-image-preview":"max-image-preview:large","max-video-preview":"max-video-preview:-1"},"canonical":"https:\/\/shop.etivaz-aop.ch\/de\/produkt\/refroidisseur-a-bouteille\/","og_locale":"de_DE","og_type":"article","og_title":"Refroidisseur \u00e0 bouteille - Etivaz AOP","og_description":"&nbsp; Id\u00e9al en cas d&rsquo;ap\u00e9ro improvis\u00e9 sans bouteille en r\u00e9serve au frigo! Ce refroidisseur se conserve au cong\u00e9lateur et permet de rafra\u00eechir rapidement une bouteille de vin. Petit plus: ses \u00e9lastiques sur les c\u00f4t\u00e9s lui donnent l&rsquo;avantage de s&rsquo;adapter \u00e0 tous les formats. Alors&#8230; champagne!","og_url":"https:\/\/shop.etivaz-aop.ch\/de\/produkt\/refroidisseur-a-bouteille\/","og_site_name":"Etivaz AOP","article_publisher":"https:\/\/www.facebook.com\/letivaz.aop","article_modified_time":"2024-04-08T08:31:20+00:00","og_image":[{"width":1467,"height":2200,"url":"https:\/\/shop.etivaz-aop.ch\/wp-content\/uploads\/2024\/04\/Refroidisseur-4.jpg","type":"image\/jpeg"}],"twitter_card":"summary_large_image","twitter_site":"@etivazaop","twitter_misc":{"Gesch\u00e4tzte Lesezeit":"1 Minute"},"schema":{"@context":"https:\/\/schema.org","@graph":[{"@type":"WebPage","@id":"https:\/\/shop.etivaz-aop.ch\/produit\/refroidisseur-a-bouteille\/","url":"https:\/\/shop.etivaz-aop.ch\/produit\/refroidisseur-a-bouteille\/","name":"Refroidisseur \u00e0 bouteille - Etivaz AOP","isPartOf":{"@id":"https:\/\/shop.etivaz-aop.ch\/#website"},"primaryImageOfPage":{"@id":"https:\/\/shop.etivaz-aop.ch\/produit\/refroidisseur-a-bouteille\/#primaryimage"},"image":{"@id":"https:\/\/shop.etivaz-aop.ch\/produit\/refroidisseur-a-bouteille\/#primaryimage"},"thumbnailUrl":"https:\/\/shop.etivaz-aop.ch\/wp-content\/uploads\/2024\/04\/Refroidisseur-4.jpg","datePublished":"2021-02-01T10:29:49+00:00","dateModified":"2024-04-08T08:31:20+00:00","breadcrumb":{"@id":"https:\/\/shop.etivaz-aop.ch\/produit\/refroidisseur-a-bouteille\/#breadcrumb"},"inLanguage":"de-CH","potentialAction":[{"@type":"ReadAction","target":["https:\/\/shop.etivaz-aop.ch\/produit\/refroidisseur-a-bouteille\/"]}]},{"@type":"ImageObject","inLanguage":"de-CH","@id":"https:\/\/shop.etivaz-aop.ch\/produit\/refroidisseur-a-bouteille\/#primaryimage","url":"https:\/\/shop.etivaz-aop.ch\/wp-content\/uploads\/2024\/04\/Refroidisseur-4.jpg","contentUrl":"https:\/\/shop.etivaz-aop.ch\/wp-content\/uploads\/2024\/04\/Refroidisseur-4.jpg","width":1467,"height":2200},{"@type":"BreadcrumbList","@id":"https:\/\/shop.etivaz-aop.ch\/produit\/refroidisseur-a-bouteille\/#breadcrumb","itemListElement":[{"@type":"ListItem","position":1,"name":"Home","item":"https:\/\/shop.etivaz-aop.ch\/"},{"@type":"ListItem","position":2,"name":"Produits","item":"https:\/\/shop.etivaz-aop.ch\/boutique\/"},{"@type":"ListItem","position":3,"name":"Refroidisseur \u00e0 bouteille"}]},{"@type":"WebSite","@id":"https:\/\/shop.etivaz-aop.ch\/#website","url":"https:\/\/shop.etivaz-aop.ch\/","name":"Boutique de l'Etivaz AOP","description":"","publisher":{"@id":"https:\/\/shop.etivaz-aop.ch\/#organization"},"potentialAction":[{"@type":"SearchAction","target":{"@type":"EntryPoint","urlTemplate":"https:\/\/shop.etivaz-aop.ch\/?s={search_term_string}"},"query-input":"required name=search_term_string"}],"inLanguage":"de-CH"},{"@type":"Organization","@id":"https:\/\/shop.etivaz-aop.ch\/#organization","name":"Cooperatives des Producteurs de L'Etivaz","url":"https:\/\/shop.etivaz-aop.ch\/","logo":{"@type":"ImageObject","inLanguage":"de-CH","@id":"https:\/\/shop.etivaz-aop.ch\/#\/schema\/logo\/image\/","url":"https:\/\/shop.etivaz-aop.ch\/wp-content\/uploads\/2021\/05\/ETIVAZ_logo_auFeuBois_RVB_20150811.png","contentUrl":"https:\/\/shop.etivaz-aop.ch\/wp-content\/uploads\/2021\/05\/ETIVAZ_logo_auFeuBois_RVB_20150811.png","width":2133,"height":1241,"caption":"Cooperatives des Producteurs de L'Etivaz"},"image":{"@id":"https:\/\/shop.etivaz-aop.ch\/#\/schema\/logo\/image\/"},"sameAs":["https:\/\/www.facebook.com\/letivaz.aop","https:\/\/x.com\/etivazaop","https:\/\/www.instagram.com\/etivaz\/","https:\/\/www.pinterest.ch\/etivazaop\/_created\/","https:\/\/www.youtube.com\/channel\/UC_QM4nMQnnnjtYh57mGf1yQ","https:\/\/fr.wikipedia.org\/wiki\/L'Etivaz"]}]}},"_links":{"self":[{"href":"https:\/\/shop.etivaz-aop.ch\/de\/wp-json\/wp\/v2\/product\/4379"}],"collection":[{"href":"https:\/\/shop.etivaz-aop.ch\/de\/wp-json\/wp\/v2\/product"}],"about":[{"href":"https:\/\/shop.etivaz-aop.ch\/de\/wp-json\/wp\/v2\/types\/product"}],"wp:featuredmedia":[{"embeddable":true,"href":"https:\/\/shop.etivaz-aop.ch\/de\/wp-json\/wp\/v2\/media\/9539"}],"wp:attachment":[{"href":"https:\/\/shop.etivaz-aop.ch\/de\/wp-json\/wp\/v2\/media?parent=4379"}],"wp:term":[{"taxonomy":"product_cat","embeddable":true,"href":"https:\/\/shop.etivaz-aop.ch\/de\/wp-json\/wp\/v2\/product_cat?post=4379"},{"taxonomy":"product_tag","embeddable":true,"href":"https:\/\/shop.etivaz-aop.ch\/de\/wp-json\/wp\/v2\/product_tag?post=4379"}],"curies":[{"name":"wp","href":"https:\/\/api.w.org\/{rel}","templated":true}]}}