{"id":4471,"date":"2021-02-03T16:43:55","date_gmt":"2021-02-03T15:43:55","guid":{"rendered":"https:\/\/shop-etivaz-aop.techniconcept.ch\/?post_type=product&#038;p=4471"},"modified":"2024-04-08T10:32:35","modified_gmt":"2024-04-08T08:32:35","slug":"boite-poya-au-letivaz-rebibes-aop-en-rouleaux","status":"publish","type":"product","link":"https:\/\/shop.etivaz-aop.ch\/de\/produkt\/boite-poya-au-letivaz-rebibes-aop-en-rouleaux\/","title":{"rendered":"Rouleaux L&rsquo;Etivaz Rebibes AOP<br\/><span class=\"subtitle\">Bo\u00eete POYA 85g<\/span>"},"content":{"rendered":"<p>L&rsquo;Etivaz \u00e0 Rebibes AOP est un L&rsquo;Etivaz issu de la m\u00e9thode de fabrication traditionnelle, mais son affinage diff\u00e8re apr\u00e8s 6 mois. A cette \u00e9tape d&rsquo;affinage, quelques meules sont s\u00e9lectionn\u00e9es pour leur grande qualit\u00e9 et leur petite taille, puis elles sont d\u00e9morg\u00e9es, frott\u00e9es \u00e0 l&rsquo;huile pour finir de m\u00fbrir encore 30 mois au minimum dans un grenier. S\u00e9ch\u00e9es \u00e0 l&rsquo;air, le r\u00e9sultat est un L&rsquo;Etivaz de 36 mois extra-dur, qui se rabote, <a href=\"https:\/\/shop-etivaz-aop.techniconcept.ch\/produit\/rape-au-letivaz-rebibes-aop\/\" target=\"_blank\" rel=\"noopener\">se r\u00e2pe<\/a> ou se d\u00e9guste <a href=\"https:\/\/shop-etivaz-aop.techniconcept.ch\/produit\/rebibes-aop-cubes\/\" target=\"_blank\" rel=\"noopener\">en petits cubes<\/a>.<\/p>","protected":false},"excerpt":{"rendered":"<p>Comme L&rsquo;Etivaz \u00e0 Rebibes AOP est extra-dur, il ne se laisse pas facilement d\u00e9couper\u2026 Aux grands maux les grands rem\u00e8des, on se saisit d&rsquo;un rabot et on fait glisser notre fromage dessus! Il en r\u00e9sulte de d\u00e9licats et jolis rouleaux, qui feront bonne figure sur vos plateaux de fromage ou pour l&rsquo;ap\u00e9ritif.<\/p>","protected":false},"featured_media":4511,"template":"","meta":{"_acf_changed":false,"site-sidebar-layout":"default","site-content-layout":"default","ast-site-content-layout":"","site-content-style":"default","site-sidebar-style":"default","ast-global-header-display":"","ast-banner-title-visibility":"","ast-main-header-display":"","ast-hfb-above-header-display":"","ast-hfb-below-header-display":"","ast-hfb-mobile-header-display":"","site-post-title":"","ast-breadcrumbs-content":"","ast-featured-img":"","footer-sml-layout":"","theme-transparent-header-meta":"default","adv-header-id-meta":"","stick-header-meta":"","header-above-stick-meta":"","header-main-stick-meta":"","header-below-stick-meta":"","astra-migrate-meta-layouts":"default","ast-page-background-enabled":"default","ast-page-background-meta":{"desktop":{"background-color":"","background-image":"","background-repeat":"repeat","background-position":"center center","background-size":"auto","background-attachment":"scroll","background-type":"","background-media":"","overlay-type":"","overlay-color":"","overlay-opacity":"","overlay-gradient":""},"tablet":{"background-color":"","background-image":"","background-repeat":"repeat","background-position":"center center","background-size":"auto","background-attachment":"scroll","background-type":"","background-media":"","overlay-type":"","overlay-color":"","overlay-opacity":"","overlay-gradient":""},"mobile":{"background-color":"","background-image":"","background-repeat":"repeat","background-position":"center center","background-size":"auto","background-attachment":"scroll","background-type":"","background-media":"","overlay-type":"","overlay-color":"","overlay-opacity":"","overlay-gradient":""}},"ast-content-background-meta":{"desktop":{"background-color":"var(--ast-global-color-5)","background-image":"","background-repeat":"repeat","background-position":"center center","background-size":"auto","background-attachment":"scroll","background-type":"","background-media":"","overlay-type":"","overlay-color":"","overlay-opacity":"","overlay-gradient":""},"tablet":{"background-color":"var(--ast-global-color-5)","background-image":"","background-repeat":"repeat","background-position":"center center","background-size":"auto","background-attachment":"scroll","background-type":"","background-media":"","overlay-type":"","overlay-color":"","overlay-opacity":"","overlay-gradient":""},"mobile":{"background-color":"var(--ast-global-color-5)","background-image":"","background-repeat":"repeat","background-position":"center center","background-size":"auto","background-attachment":"scroll","background-type":"","background-media":"","overlay-type":"","overlay-color":"","overlay-opacity":"","overlay-gradient":""}}},"product_cat":[33,54],"product_tag":[],"acf":[],"yoast_head":"<!-- This site is optimized with the Yoast SEO plugin v22.9 - https:\/\/yoast.com\/wordpress\/plugins\/seo\/ -->\n<title>Rouleaux L&#039;Etivaz Rebibes AOP|Bo\u00eete POYA 85g - Etivaz AOP<\/title>\n<meta name=\"robots\" content=\"index, follow, max-snippet:-1, max-image-preview:large, max-video-preview:-1\" \/>\n<link rel=\"canonical\" href=\"https:\/\/shop.etivaz-aop.ch\/de\/produkt\/boite-poya-au-letivaz-rebibes-aop-en-rouleaux\/\" \/>\n<meta property=\"og:locale\" content=\"de_DE\" \/>\n<meta property=\"og:type\" content=\"article\" \/>\n<meta property=\"og:title\" content=\"Rouleaux L&#039;Etivaz Rebibes AOP|Bo\u00eete POYA 85g - Etivaz AOP\" \/>\n<meta property=\"og:description\" content=\"Comme L&#039;Etivaz \u00e0 Rebibes AOP est extra-dur, il ne se laisse pas facilement d\u00e9couper\u2026 Aux grands maux les grands rem\u00e8des, on se saisit d&#039;un rabot et on fait glisser notre fromage dessus! Il en r\u00e9sulte de d\u00e9licats et jolis rouleaux, qui feront bonne figure sur vos plateaux de fromage ou pour l&#039;ap\u00e9ritif.\" \/>\n<meta property=\"og:url\" content=\"https:\/\/shop.etivaz-aop.ch\/de\/produkt\/boite-poya-au-letivaz-rebibes-aop-en-rouleaux\/\" \/>\n<meta property=\"og:site_name\" content=\"Etivaz AOP\" \/>\n<meta property=\"article:publisher\" content=\"https:\/\/www.facebook.com\/letivaz.aop\" \/>\n<meta property=\"article:modified_time\" content=\"2024-04-08T08:32:35+00:00\" \/>\n<meta property=\"og:image\" content=\"https:\/\/shop.etivaz-aop.ch\/wp-content\/uploads\/2021\/02\/etivaz_2696-scaled.jpg\" \/>\n\t<meta property=\"og:image:width\" content=\"2560\" \/>\n\t<meta property=\"og:image:height\" content=\"1707\" \/>\n\t<meta property=\"og:image:type\" content=\"image\/jpeg\" \/>\n<meta name=\"twitter:card\" content=\"summary_large_image\" \/>\n<meta name=\"twitter:site\" content=\"@etivazaop\" \/>\n<script type=\"application\/ld+json\" class=\"yoast-schema-graph\">{\"@context\":\"https:\/\/schema.org\",\"@graph\":[{\"@type\":\"WebPage\",\"@id\":\"https:\/\/shop.etivaz-aop.ch\/produit\/boite-poya-au-letivaz-rebibes-aop-en-rouleaux\/\",\"url\":\"https:\/\/shop.etivaz-aop.ch\/produit\/boite-poya-au-letivaz-rebibes-aop-en-rouleaux\/\",\"name\":\"Rouleaux L'Etivaz Rebibes AOP|Bo\u00eete POYA 85g - Etivaz AOP\",\"isPartOf\":{\"@id\":\"https:\/\/shop.etivaz-aop.ch\/#website\"},\"primaryImageOfPage\":{\"@id\":\"https:\/\/shop.etivaz-aop.ch\/produit\/boite-poya-au-letivaz-rebibes-aop-en-rouleaux\/#primaryimage\"},\"image\":{\"@id\":\"https:\/\/shop.etivaz-aop.ch\/produit\/boite-poya-au-letivaz-rebibes-aop-en-rouleaux\/#primaryimage\"},\"thumbnailUrl\":\"https:\/\/shop.etivaz-aop.ch\/wp-content\/uploads\/2021\/02\/etivaz_2696-scaled.jpg\",\"datePublished\":\"2021-02-03T15:43:55+00:00\",\"dateModified\":\"2024-04-08T08:32:35+00:00\",\"breadcrumb\":{\"@id\":\"https:\/\/shop.etivaz-aop.ch\/produit\/boite-poya-au-letivaz-rebibes-aop-en-rouleaux\/#breadcrumb\"},\"inLanguage\":\"de-CH\",\"potentialAction\":[{\"@type\":\"ReadAction\",\"target\":[\"https:\/\/shop.etivaz-aop.ch\/produit\/boite-poya-au-letivaz-rebibes-aop-en-rouleaux\/\"]}]},{\"@type\":\"ImageObject\",\"inLanguage\":\"de-CH\",\"@id\":\"https:\/\/shop.etivaz-aop.ch\/produit\/boite-poya-au-letivaz-rebibes-aop-en-rouleaux\/#primaryimage\",\"url\":\"https:\/\/shop.etivaz-aop.ch\/wp-content\/uploads\/2021\/02\/etivaz_2696-scaled.jpg\",\"contentUrl\":\"https:\/\/shop.etivaz-aop.ch\/wp-content\/uploads\/2021\/02\/etivaz_2696-scaled.jpg\",\"width\":2560,\"height\":1707,\"caption\":\"Rebibe Poya\"},{\"@type\":\"BreadcrumbList\",\"@id\":\"https:\/\/shop.etivaz-aop.ch\/produit\/boite-poya-au-letivaz-rebibes-aop-en-rouleaux\/#breadcrumb\",\"itemListElement\":[{\"@type\":\"ListItem\",\"position\":1,\"name\":\"Home\",\"item\":\"https:\/\/shop.etivaz-aop.ch\/\"},{\"@type\":\"ListItem\",\"position\":2,\"name\":\"Produits\",\"item\":\"https:\/\/shop.etivaz-aop.ch\/boutique\/\"},{\"@type\":\"ListItem\",\"position\":3,\"name\":\"Rouleaux L&rsquo;Etivaz Rebibes AOP|Bo\u00eete POYA 85g\"}]},{\"@type\":\"WebSite\",\"@id\":\"https:\/\/shop.etivaz-aop.ch\/#website\",\"url\":\"https:\/\/shop.etivaz-aop.ch\/\",\"name\":\"Boutique de l'Etivaz AOP\",\"description\":\"\",\"publisher\":{\"@id\":\"https:\/\/shop.etivaz-aop.ch\/#organization\"},\"potentialAction\":[{\"@type\":\"SearchAction\",\"target\":{\"@type\":\"EntryPoint\",\"urlTemplate\":\"https:\/\/shop.etivaz-aop.ch\/?s={search_term_string}\"},\"query-input\":\"required name=search_term_string\"}],\"inLanguage\":\"de-CH\"},{\"@type\":\"Organization\",\"@id\":\"https:\/\/shop.etivaz-aop.ch\/#organization\",\"name\":\"Cooperatives des Producteurs de L'Etivaz\",\"url\":\"https:\/\/shop.etivaz-aop.ch\/\",\"logo\":{\"@type\":\"ImageObject\",\"inLanguage\":\"de-CH\",\"@id\":\"https:\/\/shop.etivaz-aop.ch\/#\/schema\/logo\/image\/\",\"url\":\"https:\/\/shop.etivaz-aop.ch\/wp-content\/uploads\/2021\/05\/ETIVAZ_logo_auFeuBois_RVB_20150811.png\",\"contentUrl\":\"https:\/\/shop.etivaz-aop.ch\/wp-content\/uploads\/2021\/05\/ETIVAZ_logo_auFeuBois_RVB_20150811.png\",\"width\":2133,\"height\":1241,\"caption\":\"Cooperatives des Producteurs de L'Etivaz\"},\"image\":{\"@id\":\"https:\/\/shop.etivaz-aop.ch\/#\/schema\/logo\/image\/\"},\"sameAs\":[\"https:\/\/www.facebook.com\/letivaz.aop\",\"https:\/\/x.com\/etivazaop\",\"https:\/\/www.instagram.com\/etivaz\/\",\"https:\/\/www.pinterest.ch\/etivazaop\/_created\/\",\"https:\/\/www.youtube.com\/channel\/UC_QM4nMQnnnjtYh57mGf1yQ\",\"https:\/\/fr.wikipedia.org\/wiki\/L'Etivaz\"]}]}<\/script>\n<!-- \/ Yoast SEO plugin. -->","yoast_head_json":{"title":"Rouleaux L'Etivaz Rebibes AOP|Bo\u00eete POYA 85g - Etivaz AOP","robots":{"index":"index","follow":"follow","max-snippet":"max-snippet:-1","max-image-preview":"max-image-preview:large","max-video-preview":"max-video-preview:-1"},"canonical":"https:\/\/shop.etivaz-aop.ch\/de\/produkt\/boite-poya-au-letivaz-rebibes-aop-en-rouleaux\/","og_locale":"de_DE","og_type":"article","og_title":"Rouleaux L'Etivaz Rebibes AOP|Bo\u00eete POYA 85g - Etivaz AOP","og_description":"Comme L'Etivaz \u00e0 Rebibes AOP est extra-dur, il ne se laisse pas facilement d\u00e9couper\u2026 Aux grands maux les grands rem\u00e8des, on se saisit d'un rabot et on fait glisser notre fromage dessus! Il en r\u00e9sulte de d\u00e9licats et jolis rouleaux, qui feront bonne figure sur vos plateaux de fromage ou pour l'ap\u00e9ritif.","og_url":"https:\/\/shop.etivaz-aop.ch\/de\/produkt\/boite-poya-au-letivaz-rebibes-aop-en-rouleaux\/","og_site_name":"Etivaz AOP","article_publisher":"https:\/\/www.facebook.com\/letivaz.aop","article_modified_time":"2024-04-08T08:32:35+00:00","og_image":[{"width":2560,"height":1707,"url":"https:\/\/shop.etivaz-aop.ch\/wp-content\/uploads\/2021\/02\/etivaz_2696-scaled.jpg","type":"image\/jpeg"}],"twitter_card":"summary_large_image","twitter_site":"@etivazaop","schema":{"@context":"https:\/\/schema.org","@graph":[{"@type":"WebPage","@id":"https:\/\/shop.etivaz-aop.ch\/produit\/boite-poya-au-letivaz-rebibes-aop-en-rouleaux\/","url":"https:\/\/shop.etivaz-aop.ch\/produit\/boite-poya-au-letivaz-rebibes-aop-en-rouleaux\/","name":"Rouleaux L'Etivaz Rebibes AOP|Bo\u00eete POYA 85g - Etivaz AOP","isPartOf":{"@id":"https:\/\/shop.etivaz-aop.ch\/#website"},"primaryImageOfPage":{"@id":"https:\/\/shop.etivaz-aop.ch\/produit\/boite-poya-au-letivaz-rebibes-aop-en-rouleaux\/#primaryimage"},"image":{"@id":"https:\/\/shop.etivaz-aop.ch\/produit\/boite-poya-au-letivaz-rebibes-aop-en-rouleaux\/#primaryimage"},"thumbnailUrl":"https:\/\/shop.etivaz-aop.ch\/wp-content\/uploads\/2021\/02\/etivaz_2696-scaled.jpg","datePublished":"2021-02-03T15:43:55+00:00","dateModified":"2024-04-08T08:32:35+00:00","breadcrumb":{"@id":"https:\/\/shop.etivaz-aop.ch\/produit\/boite-poya-au-letivaz-rebibes-aop-en-rouleaux\/#breadcrumb"},"inLanguage":"de-CH","potentialAction":[{"@type":"ReadAction","target":["https:\/\/shop.etivaz-aop.ch\/produit\/boite-poya-au-letivaz-rebibes-aop-en-rouleaux\/"]}]},{"@type":"ImageObject","inLanguage":"de-CH","@id":"https:\/\/shop.etivaz-aop.ch\/produit\/boite-poya-au-letivaz-rebibes-aop-en-rouleaux\/#primaryimage","url":"https:\/\/shop.etivaz-aop.ch\/wp-content\/uploads\/2021\/02\/etivaz_2696-scaled.jpg","contentUrl":"https:\/\/shop.etivaz-aop.ch\/wp-content\/uploads\/2021\/02\/etivaz_2696-scaled.jpg","width":2560,"height":1707,"caption":"Rebibe Poya"},{"@type":"BreadcrumbList","@id":"https:\/\/shop.etivaz-aop.ch\/produit\/boite-poya-au-letivaz-rebibes-aop-en-rouleaux\/#breadcrumb","itemListElement":[{"@type":"ListItem","position":1,"name":"Home","item":"https:\/\/shop.etivaz-aop.ch\/"},{"@type":"ListItem","position":2,"name":"Produits","item":"https:\/\/shop.etivaz-aop.ch\/boutique\/"},{"@type":"ListItem","position":3,"name":"Rouleaux L&rsquo;Etivaz Rebibes AOP|Bo\u00eete POYA 85g"}]},{"@type":"WebSite","@id":"https:\/\/shop.etivaz-aop.ch\/#website","url":"https:\/\/shop.etivaz-aop.ch\/","name":"Boutique de l'Etivaz AOP","description":"","publisher":{"@id":"https:\/\/shop.etivaz-aop.ch\/#organization"},"potentialAction":[{"@type":"SearchAction","target":{"@type":"EntryPoint","urlTemplate":"https:\/\/shop.etivaz-aop.ch\/?s={search_term_string}"},"query-input":"required name=search_term_string"}],"inLanguage":"de-CH"},{"@type":"Organization","@id":"https:\/\/shop.etivaz-aop.ch\/#organization","name":"Cooperatives des Producteurs de L'Etivaz","url":"https:\/\/shop.etivaz-aop.ch\/","logo":{"@type":"ImageObject","inLanguage":"de-CH","@id":"https:\/\/shop.etivaz-aop.ch\/#\/schema\/logo\/image\/","url":"https:\/\/shop.etivaz-aop.ch\/wp-content\/uploads\/2021\/05\/ETIVAZ_logo_auFeuBois_RVB_20150811.png","contentUrl":"https:\/\/shop.etivaz-aop.ch\/wp-content\/uploads\/2021\/05\/ETIVAZ_logo_auFeuBois_RVB_20150811.png","width":2133,"height":1241,"caption":"Cooperatives des Producteurs de L'Etivaz"},"image":{"@id":"https:\/\/shop.etivaz-aop.ch\/#\/schema\/logo\/image\/"},"sameAs":["https:\/\/www.facebook.com\/letivaz.aop","https:\/\/x.com\/etivazaop","https:\/\/www.instagram.com\/etivaz\/","https:\/\/www.pinterest.ch\/etivazaop\/_created\/","https:\/\/www.youtube.com\/channel\/UC_QM4nMQnnnjtYh57mGf1yQ","https:\/\/fr.wikipedia.org\/wiki\/L'Etivaz"]}]}},"_links":{"self":[{"href":"https:\/\/shop.etivaz-aop.ch\/de\/wp-json\/wp\/v2\/product\/4471"}],"collection":[{"href":"https:\/\/shop.etivaz-aop.ch\/de\/wp-json\/wp\/v2\/product"}],"about":[{"href":"https:\/\/shop.etivaz-aop.ch\/de\/wp-json\/wp\/v2\/types\/product"}],"wp:featuredmedia":[{"embeddable":true,"href":"https:\/\/shop.etivaz-aop.ch\/de\/wp-json\/wp\/v2\/media\/4511"}],"wp:attachment":[{"href":"https:\/\/shop.etivaz-aop.ch\/de\/wp-json\/wp\/v2\/media?parent=4471"}],"wp:term":[{"taxonomy":"product_cat","embeddable":true,"href":"https:\/\/shop.etivaz-aop.ch\/de\/wp-json\/wp\/v2\/product_cat?post=4471"},{"taxonomy":"product_tag","embeddable":true,"href":"https:\/\/shop.etivaz-aop.ch\/de\/wp-json\/wp\/v2\/product_tag?post=4471"}],"curies":[{"name":"wp","href":"https:\/\/api.w.org\/{rel}","templated":true}]}}