{"id":9219,"date":"2024-03-25T17:47:35","date_gmt":"2024-03-25T16:47:35","guid":{"rendered":"https:\/\/shop.etivaz-aop.ch\/partenaires\/"},"modified":"2024-03-25T17:48:41","modified_gmt":"2024-03-25T16:48:41","slug":"partenaires","status":"publish","type":"page","link":"https:\/\/shop.etivaz-aop.ch\/en\/partenaires\/","title":{"rendered":"Partners"},"content":{"rendered":"<div data-elementor-type=\"wp-page\" data-elementor-id=\"9219\" class=\"elementor elementor-9219\" data-elementor-post-type=\"page\">\n\t\t\t\t\t\t<section class=\"elementor-section elementor-top-section elementor-element elementor-element-4c104a1e elementor-section-height-full elementor-section-boxed elementor-section-height-default elementor-section-items-middle\" data-id=\"4c104a1e\" data-element_type=\"section\" data-settings=\"{&quot;background_background&quot;:&quot;classic&quot;}\">\n\t\t\t\t\t\t\t<div class=\"elementor-background-overlay\"><\/div>\n\t\t\t\t\t\t\t<div class=\"elementor-container elementor-column-gap-default\">\n\t\t\t\t\t<div class=\"elementor-column elementor-col-100 elementor-top-column elementor-element elementor-element-1dc60c68\" data-id=\"1dc60c68\" data-element_type=\"column\">\n\t\t\t<div class=\"elementor-widget-wrap elementor-element-populated\">\n\t\t\t\t\t\t<div class=\"elementor-element elementor-element-7ed63dd elementor-widget elementor-widget-heading\" data-id=\"7ed63dd\" data-element_type=\"widget\" data-widget_type=\"heading.default\">\n\t\t\t\t<div class=\"elementor-widget-container\">\n\t\t\t<h1 class=\"elementor-heading-title elementor-size-default\">Partners<\/h1>\t\t<\/div>\n\t\t\t\t<\/div>\n\t\t\t\t\t<\/div>\n\t\t<\/div>\n\t\t\t\t\t<\/div>\n\t\t<\/section>\n\t\t\t\t<section class=\"elementor-section elementor-top-section elementor-element elementor-element-5ac9f330 elementor-section-boxed elementor-section-height-default elementor-section-height-default\" data-id=\"5ac9f330\" data-element_type=\"section\">\n\t\t\t\t\t\t<div class=\"elementor-container elementor-column-gap-default\">\n\t\t\t\t\t<div class=\"elementor-column elementor-col-50 elementor-top-column elementor-element elementor-element-71143c63\" data-id=\"71143c63\" data-element_type=\"column\">\n\t\t\t<div class=\"elementor-widget-wrap elementor-element-populated\">\n\t\t\t\t\t\t<div class=\"elementor-element elementor-element-19566878 elementor-widget elementor-widget-heading\" data-id=\"19566878\" data-element_type=\"widget\" data-widget_type=\"heading.default\">\n\t\t\t\t<div class=\"elementor-widget-container\">\n\t\t\t<h2 class=\"elementor-heading-title elementor-size-default\">State of Vaud<\/h2>\t\t<\/div>\n\t\t\t\t<\/div>\n\t\t\t\t<div class=\"elementor-element elementor-element-1919f672 elementor-widget elementor-widget-text-editor\" data-id=\"1919f672\" data-element_type=\"widget\" data-widget_type=\"text-editor.default\">\n\t\t\t\t<div class=\"elementor-widget-container\">\n\t\t\t\t\t\t\t<p>The State of Vaud is an invaluable supporter of our Etivaz PDO cheese, the pearl of Vaud.<\/p><p>It's in the mountain pastures of the Vaud region that our cheese develops all its characteristics, thanks to the well-preserved flora of the Vaud Alps.<\/p>\t\t\t\t\t\t<\/div>\n\t\t\t\t<\/div>\n\t\t\t\t<div class=\"elementor-element elementor-element-71d1da6d elementor-widget elementor-widget-button\" data-id=\"71d1da6d\" data-element_type=\"widget\" data-widget_type=\"button.default\">\n\t\t\t\t<div class=\"elementor-widget-container\">\n\t\t\t\t\t<div class=\"elementor-button-wrapper\">\n\t\t\t<a class=\"elementor-button elementor-button-link elementor-size-sm\" href=\"https:\/\/www.aop-igp.ch\/\" target=\"_blank\">\n\t\t\t\t\t\t<span class=\"elementor-button-content-wrapper\">\n\t\t\t\t\t\t\t\t\t<span class=\"elementor-button-text\">Read more<\/span>\n\t\t\t\t\t<\/span>\n\t\t\t\t\t<\/a>\n\t\t<\/div>\n\t\t\t\t<\/div>\n\t\t\t\t<\/div>\n\t\t\t\t\t<\/div>\n\t\t<\/div>\n\t\t\t\t<div class=\"elementor-column elementor-col-50 elementor-top-column elementor-element elementor-element-efe6303\" data-id=\"efe6303\" data-element_type=\"column\" data-settings=\"{&quot;background_background&quot;:&quot;classic&quot;}\">\n\t\t\t<div class=\"elementor-widget-wrap\">\n\t\t\t\t\t\t\t<\/div>\n\t\t<\/div>\n\t\t\t\t\t<\/div>\n\t\t<\/section>\n\t\t\t\t<section class=\"elementor-section elementor-top-section elementor-element elementor-element-31c349b0 elementor-section-boxed elementor-section-height-default elementor-section-height-default\" data-id=\"31c349b0\" data-element_type=\"section\">\n\t\t\t\t\t\t<div class=\"elementor-container elementor-column-gap-default\">\n\t\t\t\t\t<div class=\"elementor-column elementor-col-50 elementor-top-column elementor-element elementor-element-5c91e8b\" data-id=\"5c91e8b\" data-element_type=\"column\" data-settings=\"{&quot;background_background&quot;:&quot;classic&quot;}\">\n\t\t\t<div class=\"elementor-widget-wrap\">\n\t\t\t\t\t\t\t<\/div>\n\t\t<\/div>\n\t\t\t\t<div class=\"elementor-column elementor-col-50 elementor-top-column elementor-element elementor-element-478f2f56\" data-id=\"478f2f56\" data-element_type=\"column\">\n\t\t\t<div class=\"elementor-widget-wrap elementor-element-populated\">\n\t\t\t\t\t\t<div class=\"elementor-element elementor-element-116cfb3c elementor-widget elementor-widget-heading\" data-id=\"116cfb3c\" data-element_type=\"widget\" data-widget_type=\"heading.default\">\n\t\t\t\t<div class=\"elementor-widget-container\">\n\t\t\t<h2 class=\"elementor-heading-title elementor-size-default\">Swiss alpine cheese<\/h2>\t\t<\/div>\n\t\t\t\t<\/div>\n\t\t\t\t<div class=\"elementor-element elementor-element-12d928a7 elementor-widget elementor-widget-text-editor\" data-id=\"12d928a7\" data-element_type=\"widget\" data-widget_type=\"text-editor.default\">\n\t\t\t\t<div class=\"elementor-widget-container\">\n\t\t\t\t\t\t\t<p>The Swiss Alpine Cheese umbrella brand was created by the Swiss Alpine Society (SSEA) and the Swiss Milk Producers (PSL) federation. Its aim is to promote regional and national collaboration between alpine cheese dairies, support their cheese marketing activities, promote sales and strengthen the competitiveness of alpine cheeses.<\/p><p><em>www.schweizeralpkaese.ch<\/em><\/p>\t\t\t\t\t\t<\/div>\n\t\t\t\t<\/div>\n\t\t\t\t<div class=\"elementor-element elementor-element-4400c8f9 elementor-widget elementor-widget-button\" data-id=\"4400c8f9\" data-element_type=\"widget\" data-widget_type=\"button.default\">\n\t\t\t\t<div class=\"elementor-widget-container\">\n\t\t\t\t\t<div class=\"elementor-button-wrapper\">\n\t\t\t<a class=\"elementor-button elementor-button-link elementor-size-sm\" href=\"https:\/\/www.schweizeralpkaese.ch\/\" target=\"_blank\">\n\t\t\t\t\t\t<span class=\"elementor-button-content-wrapper\">\n\t\t\t\t\t\t\t\t\t<span class=\"elementor-button-text\">Read more<\/span>\n\t\t\t\t\t<\/span>\n\t\t\t\t\t<\/a>\n\t\t<\/div>\n\t\t\t\t<\/div>\n\t\t\t\t<\/div>\n\t\t\t\t\t<\/div>\n\t\t<\/div>\n\t\t\t\t\t<\/div>\n\t\t<\/section>\n\t\t\t\t<section class=\"elementor-section elementor-top-section elementor-element elementor-element-3c351f6e elementor-section-boxed elementor-section-height-default elementor-section-height-default\" data-id=\"3c351f6e\" data-element_type=\"section\">\n\t\t\t\t\t\t<div class=\"elementor-container elementor-column-gap-default\">\n\t\t\t\t\t<div class=\"elementor-column elementor-col-50 elementor-top-column elementor-element elementor-element-2833b2f5\" data-id=\"2833b2f5\" data-element_type=\"column\">\n\t\t\t<div class=\"elementor-widget-wrap elementor-element-populated\">\n\t\t\t\t\t\t<div class=\"elementor-element elementor-element-7c648bbb elementor-widget elementor-widget-heading\" data-id=\"7c648bbb\" data-element_type=\"widget\" data-widget_type=\"heading.default\">\n\t\t\t\t<div class=\"elementor-widget-container\">\n\t\t\t<h2 class=\"elementor-heading-title elementor-size-default\">Swiss PDO-PGI Association<\/h2>\t\t<\/div>\n\t\t\t\t<\/div>\n\t\t\t\t<div class=\"elementor-element elementor-element-52d3f849 elementor-widget elementor-widget-text-editor\" data-id=\"52d3f849\" data-element_type=\"widget\" data-widget_type=\"text-editor.default\">\n\t\t\t\t<div class=\"elementor-widget-container\">\n\t\t\t\t\t\t\t<p>The aim of the Swiss PDO-IPG association is :<\/p><ul><li>introduce Swiss consumers to the concepts of PDO (Protected Designation of Origin) and PGI (Protected Geographical Indication)<\/li><li>offer producers a PDO and PGI logo<\/li><li>bring together on a single platform all professionals involved in protected designations of origin and geographical indications.<\/li><li>defend PDO and PGI policy and the interests of the industry<\/li><\/ul><p><em>www.aop-igp.ch<\/em><\/p>\t\t\t\t\t\t<\/div>\n\t\t\t\t<\/div>\n\t\t\t\t<div class=\"elementor-element elementor-element-785072ca elementor-widget elementor-widget-button\" data-id=\"785072ca\" data-element_type=\"widget\" data-widget_type=\"button.default\">\n\t\t\t\t<div class=\"elementor-widget-container\">\n\t\t\t\t\t<div class=\"elementor-button-wrapper\">\n\t\t\t<a class=\"elementor-button elementor-button-link elementor-size-sm\" href=\"https:\/\/www.aop-igp.ch\/\" target=\"_blank\">\n\t\t\t\t\t\t<span class=\"elementor-button-content-wrapper\">\n\t\t\t\t\t\t\t\t\t<span class=\"elementor-button-text\">Read more<\/span>\n\t\t\t\t\t<\/span>\n\t\t\t\t\t<\/a>\n\t\t<\/div>\n\t\t\t\t<\/div>\n\t\t\t\t<\/div>\n\t\t\t\t\t<\/div>\n\t\t<\/div>\n\t\t\t\t<div class=\"elementor-column elementor-col-50 elementor-top-column elementor-element elementor-element-4bcbd953\" data-id=\"4bcbd953\" data-element_type=\"column\" data-settings=\"{&quot;background_background&quot;:&quot;classic&quot;}\">\n\t\t\t<div class=\"elementor-widget-wrap\">\n\t\t\t\t\t\t\t<\/div>\n\t\t<\/div>\n\t\t\t\t\t<\/div>\n\t\t<\/section>\n\t\t\t\t<\/div>","protected":false},"excerpt":{"rendered":"<p>Partenaires Etat de Vaud L\u2019\u00c9tat de Vaud est un soutien pr\u00e9cieux pour notre fromage Etivaz AOP, la perle vaudoise. C\u2019est dans les alpages vaudois que notre fromage d\u00e9veloppe toutes ses caract\u00e9ristiques, gr\u00e2ce \u00e0 la flore pr\u00e9serv\u00e9e des alpes du Canton de Vaud. En savoir plus Fromage d\u2019alpage suisse La marque fa\u00eeti\u00e8re Fromage d\u2019alpage suisse a [&hellip;]<\/p>","protected":false},"author":330,"featured_media":0,"parent":0,"menu_order":0,"comment_status":"closed","ping_status":"closed","template":"","meta":{"_acf_changed":false,"site-sidebar-layout":"no-sidebar","site-content-layout":"page-builder","ast-site-content-layout":"full-width-container","site-content-style":"default","site-sidebar-style":"default","ast-global-header-display":"","ast-banner-title-visibility":"","ast-main-header-display":"","ast-hfb-above-header-display":"","ast-hfb-below-header-display":"","ast-hfb-mobile-header-display":"","site-post-title":"disabled","ast-breadcrumbs-content":"","ast-featured-img":"disabled","footer-sml-layout":"","theme-transparent-header-meta":"","adv-header-id-meta":"","stick-header-meta":"","header-above-stick-meta":"","header-main-stick-meta":"","header-below-stick-meta":"","astra-migrate-meta-layouts":"set","ast-page-background-enabled":"default","ast-page-background-meta":{"desktop":{"background-color":"","background-image":"","background-repeat":"repeat","background-position":"center center","background-size":"auto","background-attachment":"scroll","background-type":"","background-media":"","overlay-type":"","overlay-color":"","overlay-opacity":"","overlay-gradient":""},"tablet":{"background-color":"","background-image":"","background-repeat":"repeat","background-position":"center center","background-size":"auto","background-attachment":"scroll","background-type":"","background-media":"","overlay-type":"","overlay-color":"","overlay-opacity":"","overlay-gradient":""},"mobile":{"background-color":"","background-image":"","background-repeat":"repeat","background-position":"center center","background-size":"auto","background-attachment":"scroll","background-type":"","background-media":"","overlay-type":"","overlay-color":"","overlay-opacity":"","overlay-gradient":""}},"ast-content-background-meta":{"desktop":{"background-color":"var(--ast-global-color-5)","background-image":"","background-repeat":"repeat","background-position":"center center","background-size":"auto","background-attachment":"scroll","background-type":"","background-media":"","overlay-type":"","overlay-color":"","overlay-opacity":"","overlay-gradient":""},"tablet":{"background-color":"var(--ast-global-color-5)","background-image":"","background-repeat":"repeat","background-position":"center center","background-size":"auto","background-attachment":"scroll","background-type":"","background-media":"","overlay-type":"","overlay-color":"","overlay-opacity":"","overlay-gradient":""},"mobile":{"background-color":"var(--ast-global-color-5)","background-image":"","background-repeat":"repeat","background-position":"center center","background-size":"auto","background-attachment":"scroll","background-type":"","background-media":"","overlay-type":"","overlay-color":"","overlay-opacity":"","overlay-gradient":""}},"footnotes":""},"acf":[],"yoast_head":"<!-- This site is optimized with the Yoast SEO plugin v22.9 - https:\/\/yoast.com\/wordpress\/plugins\/seo\/ -->\n<title>Partenaires - Etivaz AOP<\/title>\n<meta name=\"robots\" content=\"index, follow, max-snippet:-1, max-image-preview:large, max-video-preview:-1\" \/>\n<link rel=\"canonical\" href=\"https:\/\/shop.etivaz-aop.ch\/en\/partenaires\/\" \/>\n<meta property=\"og:locale\" content=\"en_GB\" \/>\n<meta property=\"og:type\" content=\"article\" \/>\n<meta property=\"og:title\" content=\"Partenaires - Etivaz AOP\" \/>\n<meta property=\"og:description\" content=\"Partenaires Etat de Vaud L\u2019\u00c9tat de Vaud est un soutien pr\u00e9cieux pour notre fromage Etivaz AOP, la perle vaudoise. C\u2019est dans les alpages vaudois que notre fromage d\u00e9veloppe toutes ses caract\u00e9ristiques, gr\u00e2ce \u00e0 la flore pr\u00e9serv\u00e9e des alpes du Canton de Vaud. En savoir plus Fromage d\u2019alpage suisse La marque fa\u00eeti\u00e8re Fromage d\u2019alpage suisse a [&hellip;]\" \/>\n<meta property=\"og:url\" content=\"https:\/\/shop.etivaz-aop.ch\/en\/partenaires\/\" \/>\n<meta property=\"og:site_name\" content=\"Etivaz AOP\" \/>\n<meta property=\"article:publisher\" content=\"https:\/\/www.facebook.com\/letivaz.aop\" \/>\n<meta property=\"article:modified_time\" content=\"2024-03-25T16:48:41+00:00\" \/>\n<meta name=\"twitter:card\" content=\"summary_large_image\" \/>\n<meta name=\"twitter:site\" content=\"@etivazaop\" \/>\n<meta name=\"twitter:label1\" content=\"Estimated reading time\" \/>\n\t<meta name=\"twitter:data1\" content=\"1 minute\" \/>\n<script type=\"application\/ld+json\" class=\"yoast-schema-graph\">{\"@context\":\"https:\/\/schema.org\",\"@graph\":[{\"@type\":\"WebPage\",\"@id\":\"https:\/\/shop.etivaz-aop.ch\/partenaires\/\",\"url\":\"https:\/\/shop.etivaz-aop.ch\/partenaires\/\",\"name\":\"Partenaires - Etivaz AOP\",\"isPartOf\":{\"@id\":\"https:\/\/shop.etivaz-aop.ch\/#website\"},\"datePublished\":\"2024-03-25T16:47:35+00:00\",\"dateModified\":\"2024-03-25T16:48:41+00:00\",\"breadcrumb\":{\"@id\":\"https:\/\/shop.etivaz-aop.ch\/partenaires\/#breadcrumb\"},\"inLanguage\":\"en-GB\",\"potentialAction\":[{\"@type\":\"ReadAction\",\"target\":[\"https:\/\/shop.etivaz-aop.ch\/partenaires\/\"]}]},{\"@type\":\"BreadcrumbList\",\"@id\":\"https:\/\/shop.etivaz-aop.ch\/partenaires\/#breadcrumb\",\"itemListElement\":[{\"@type\":\"ListItem\",\"position\":1,\"name\":\"Home\",\"item\":\"https:\/\/shop.etivaz-aop.ch\/\"},{\"@type\":\"ListItem\",\"position\":2,\"name\":\"Partenaires\"}]},{\"@type\":\"WebSite\",\"@id\":\"https:\/\/shop.etivaz-aop.ch\/#website\",\"url\":\"https:\/\/shop.etivaz-aop.ch\/\",\"name\":\"Boutique de l'Etivaz AOP\",\"description\":\"\",\"publisher\":{\"@id\":\"https:\/\/shop.etivaz-aop.ch\/#organization\"},\"potentialAction\":[{\"@type\":\"SearchAction\",\"target\":{\"@type\":\"EntryPoint\",\"urlTemplate\":\"https:\/\/shop.etivaz-aop.ch\/?s={search_term_string}\"},\"query-input\":\"required name=search_term_string\"}],\"inLanguage\":\"en-GB\"},{\"@type\":\"Organization\",\"@id\":\"https:\/\/shop.etivaz-aop.ch\/#organization\",\"name\":\"Cooperatives des Producteurs de L'Etivaz\",\"url\":\"https:\/\/shop.etivaz-aop.ch\/\",\"logo\":{\"@type\":\"ImageObject\",\"inLanguage\":\"en-GB\",\"@id\":\"https:\/\/shop.etivaz-aop.ch\/#\/schema\/logo\/image\/\",\"url\":\"https:\/\/shop.etivaz-aop.ch\/wp-content\/uploads\/2021\/05\/ETIVAZ_logo_auFeuBois_RVB_20150811.png\",\"contentUrl\":\"https:\/\/shop.etivaz-aop.ch\/wp-content\/uploads\/2021\/05\/ETIVAZ_logo_auFeuBois_RVB_20150811.png\",\"width\":2133,\"height\":1241,\"caption\":\"Cooperatives des Producteurs de L'Etivaz\"},\"image\":{\"@id\":\"https:\/\/shop.etivaz-aop.ch\/#\/schema\/logo\/image\/\"},\"sameAs\":[\"https:\/\/www.facebook.com\/letivaz.aop\",\"https:\/\/x.com\/etivazaop\",\"https:\/\/www.instagram.com\/etivaz\/\",\"https:\/\/www.pinterest.ch\/etivazaop\/_created\/\",\"https:\/\/www.youtube.com\/channel\/UC_QM4nMQnnnjtYh57mGf1yQ\",\"https:\/\/fr.wikipedia.org\/wiki\/L'Etivaz\"]}]}<\/script>\n<!-- \/ Yoast SEO plugin. -->","yoast_head_json":{"title":"Partenaires - Etivaz AOP","robots":{"index":"index","follow":"follow","max-snippet":"max-snippet:-1","max-image-preview":"max-image-preview:large","max-video-preview":"max-video-preview:-1"},"canonical":"https:\/\/shop.etivaz-aop.ch\/en\/partenaires\/","og_locale":"en_GB","og_type":"article","og_title":"Partenaires - Etivaz AOP","og_description":"Partenaires Etat de Vaud L\u2019\u00c9tat de Vaud est un soutien pr\u00e9cieux pour notre fromage Etivaz AOP, la perle vaudoise. C\u2019est dans les alpages vaudois que notre fromage d\u00e9veloppe toutes ses caract\u00e9ristiques, gr\u00e2ce \u00e0 la flore pr\u00e9serv\u00e9e des alpes du Canton de Vaud. En savoir plus Fromage d\u2019alpage suisse La marque fa\u00eeti\u00e8re Fromage d\u2019alpage suisse a [&hellip;]","og_url":"https:\/\/shop.etivaz-aop.ch\/en\/partenaires\/","og_site_name":"Etivaz AOP","article_publisher":"https:\/\/www.facebook.com\/letivaz.aop","article_modified_time":"2024-03-25T16:48:41+00:00","twitter_card":"summary_large_image","twitter_site":"@etivazaop","twitter_misc":{"Estimated reading time":"1 minute"},"schema":{"@context":"https:\/\/schema.org","@graph":[{"@type":"WebPage","@id":"https:\/\/shop.etivaz-aop.ch\/partenaires\/","url":"https:\/\/shop.etivaz-aop.ch\/partenaires\/","name":"Partenaires - Etivaz AOP","isPartOf":{"@id":"https:\/\/shop.etivaz-aop.ch\/#website"},"datePublished":"2024-03-25T16:47:35+00:00","dateModified":"2024-03-25T16:48:41+00:00","breadcrumb":{"@id":"https:\/\/shop.etivaz-aop.ch\/partenaires\/#breadcrumb"},"inLanguage":"en-GB","potentialAction":[{"@type":"ReadAction","target":["https:\/\/shop.etivaz-aop.ch\/partenaires\/"]}]},{"@type":"BreadcrumbList","@id":"https:\/\/shop.etivaz-aop.ch\/partenaires\/#breadcrumb","itemListElement":[{"@type":"ListItem","position":1,"name":"Home","item":"https:\/\/shop.etivaz-aop.ch\/"},{"@type":"ListItem","position":2,"name":"Partenaires"}]},{"@type":"WebSite","@id":"https:\/\/shop.etivaz-aop.ch\/#website","url":"https:\/\/shop.etivaz-aop.ch\/","name":"Boutique de l'Etivaz AOP","description":"","publisher":{"@id":"https:\/\/shop.etivaz-aop.ch\/#organization"},"potentialAction":[{"@type":"SearchAction","target":{"@type":"EntryPoint","urlTemplate":"https:\/\/shop.etivaz-aop.ch\/?s={search_term_string}"},"query-input":"required name=search_term_string"}],"inLanguage":"en-GB"},{"@type":"Organization","@id":"https:\/\/shop.etivaz-aop.ch\/#organization","name":"Cooperatives des Producteurs de L'Etivaz","url":"https:\/\/shop.etivaz-aop.ch\/","logo":{"@type":"ImageObject","inLanguage":"en-GB","@id":"https:\/\/shop.etivaz-aop.ch\/#\/schema\/logo\/image\/","url":"https:\/\/shop.etivaz-aop.ch\/wp-content\/uploads\/2021\/05\/ETIVAZ_logo_auFeuBois_RVB_20150811.png","contentUrl":"https:\/\/shop.etivaz-aop.ch\/wp-content\/uploads\/2021\/05\/ETIVAZ_logo_auFeuBois_RVB_20150811.png","width":2133,"height":1241,"caption":"Cooperatives des Producteurs de L'Etivaz"},"image":{"@id":"https:\/\/shop.etivaz-aop.ch\/#\/schema\/logo\/image\/"},"sameAs":["https:\/\/www.facebook.com\/letivaz.aop","https:\/\/x.com\/etivazaop","https:\/\/www.instagram.com\/etivaz\/","https:\/\/www.pinterest.ch\/etivazaop\/_created\/","https:\/\/www.youtube.com\/channel\/UC_QM4nMQnnnjtYh57mGf1yQ","https:\/\/fr.wikipedia.org\/wiki\/L'Etivaz"]}]}},"_links":{"self":[{"href":"https:\/\/shop.etivaz-aop.ch\/en\/wp-json\/wp\/v2\/pages\/9219"}],"collection":[{"href":"https:\/\/shop.etivaz-aop.ch\/en\/wp-json\/wp\/v2\/pages"}],"about":[{"href":"https:\/\/shop.etivaz-aop.ch\/en\/wp-json\/wp\/v2\/types\/page"}],"author":[{"embeddable":true,"href":"https:\/\/shop.etivaz-aop.ch\/en\/wp-json\/wp\/v2\/users\/330"}],"replies":[{"embeddable":true,"href":"https:\/\/shop.etivaz-aop.ch\/en\/wp-json\/wp\/v2\/comments?post=9219"}],"version-history":[{"count":4,"href":"https:\/\/shop.etivaz-aop.ch\/en\/wp-json\/wp\/v2\/pages\/9219\/revisions"}],"predecessor-version":[{"id":9324,"href":"https:\/\/shop.etivaz-aop.ch\/en\/wp-json\/wp\/v2\/pages\/9219\/revisions\/9324"}],"wp:attachment":[{"href":"https:\/\/shop.etivaz-aop.ch\/en\/wp-json\/wp\/v2\/media?parent=9219"}],"curies":[{"name":"wp","href":"https:\/\/api.w.org\/{rel}","templated":true}]}}