{"id":3871,"date":"2020-11-12T13:04:28","date_gmt":"2020-11-12T12:04:28","guid":{"rendered":"https:\/\/local.shop.etivaz-aop.ch\/?post_type=product&#038;p=3871"},"modified":"2024-08-15T11:59:40","modified_gmt":"2024-08-15T09:59:40","slug":"letivaz-vieux","status":"publish","type":"product","link":"https:\/\/shop.etivaz-aop.ch\/en\/product\/letivaz-vieux\/","title":{"rendered":"L&rsquo;Etivaz AOP R\u00e9serve<br\/><span class=\"subtitle\">(+ de 14 mois)<\/span>"},"content":{"rendered":"<p>L&rsquo;Etivaz R\u00e9serve est un excellent compromis en un fromage tr\u00e8s affin\u00e9 et l&rsquo;affinage interm\u00e9diaire \u00ab\u00a0mi- sal\u00e9\u00a0\u00bb. Le sel est pr\u00e9sent sous forme de petits cristaux bien int\u00e9gr\u00e9s dans la p\u00e2te, qui est agr\u00e9able, pleine et souple en bouche. Un bouquet de saveurs explose en bouche et cette saveur s&rsquo;attarde sur le palais. Conseill\u00e9 aux amateurs de fromages cors\u00e9s mais pas trop forts.<\/p>","protected":false},"excerpt":{"rendered":"<p>L&rsquo;Etivaz AOP R\u00e9serve correspond \u00e0 un affinage de 14 \u00e0 19 mois<\/p>","protected":false},"featured_media":4495,"template":"","meta":{"_acf_changed":false,"site-sidebar-layout":"default","site-content-layout":"default","ast-site-content-layout":"default","site-content-style":"default","site-sidebar-style":"default","ast-global-header-display":"","ast-banner-title-visibility":"","ast-main-header-display":"","ast-hfb-above-header-display":"","ast-hfb-below-header-display":"","ast-hfb-mobile-header-display":"","site-post-title":"","ast-breadcrumbs-content":"","ast-featured-img":"","footer-sml-layout":"","theme-transparent-header-meta":"default","adv-header-id-meta":"","stick-header-meta":"","header-above-stick-meta":"","header-main-stick-meta":"","header-below-stick-meta":"","astra-migrate-meta-layouts":"set","ast-page-background-enabled":"default","ast-page-background-meta":{"desktop":{"background-color":"","background-image":"","background-repeat":"repeat","background-position":"center center","background-size":"auto","background-attachment":"scroll","background-type":"","background-media":"","overlay-type":"","overlay-color":"","overlay-opacity":"","overlay-gradient":""},"tablet":{"background-color":"","background-image":"","background-repeat":"repeat","background-position":"center center","background-size":"auto","background-attachment":"scroll","background-type":"","background-media":"","overlay-type":"","overlay-color":"","overlay-opacity":"","overlay-gradient":""},"mobile":{"background-color":"","background-image":"","background-repeat":"repeat","background-position":"center center","background-size":"auto","background-attachment":"scroll","background-type":"","background-media":"","overlay-type":"","overlay-color":"","overlay-opacity":"","overlay-gradient":""}},"ast-content-background-meta":{"desktop":{"background-color":"var(--ast-global-color-5)","background-image":"","background-repeat":"repeat","background-position":"center center","background-size":"auto","background-attachment":"scroll","background-type":"","background-media":"","overlay-type":"","overlay-color":"","overlay-opacity":"","overlay-gradient":""},"tablet":{"background-color":"var(--ast-global-color-5)","background-image":"","background-repeat":"repeat","background-position":"center center","background-size":"auto","background-attachment":"scroll","background-type":"","background-media":"","overlay-type":"","overlay-color":"","overlay-opacity":"","overlay-gradient":""},"mobile":{"background-color":"var(--ast-global-color-5)","background-image":"","background-repeat":"repeat","background-position":"center center","background-size":"auto","background-attachment":"scroll","background-type":"","background-media":"","overlay-type":"","overlay-color":"","overlay-opacity":"","overlay-gradient":""}}},"product_cat":[33,55],"product_tag":[],"acf":[],"yoast_head":"<!-- This site is optimized with the Yoast SEO plugin v22.9 - https:\/\/yoast.com\/wordpress\/plugins\/seo\/ -->\n<title>L&#039;Etivaz AOP R\u00e9serve|(+ de 14 mois) - Etivaz AOP<\/title>\n<meta name=\"robots\" content=\"index, follow, max-snippet:-1, max-image-preview:large, max-video-preview:-1\" \/>\n<link rel=\"canonical\" href=\"https:\/\/shop.etivaz-aop.ch\/en\/product\/letivaz-vieux\/\" \/>\n<meta property=\"og:locale\" content=\"en_GB\" \/>\n<meta property=\"og:type\" content=\"article\" \/>\n<meta property=\"og:title\" content=\"L&#039;Etivaz AOP R\u00e9serve|(+ de 14 mois) - Etivaz AOP\" \/>\n<meta property=\"og:description\" content=\"L&#039;Etivaz AOP R\u00e9serve correspond \u00e0 un affinage de 14 \u00e0 19 mois\" \/>\n<meta property=\"og:url\" content=\"https:\/\/shop.etivaz-aop.ch\/en\/product\/letivaz-vieux\/\" \/>\n<meta property=\"og:site_name\" content=\"Etivaz AOP\" \/>\n<meta property=\"article:publisher\" content=\"https:\/\/www.facebook.com\/letivaz.aop\" \/>\n<meta property=\"article:modified_time\" content=\"2024-08-15T09:59:40+00:00\" \/>\n<meta property=\"og:image\" content=\"https:\/\/shop.etivaz-aop.ch\/wp-content\/uploads\/2021\/02\/etivaz_2676-scaled.jpg\" \/>\n\t<meta property=\"og:image:width\" content=\"2560\" \/>\n\t<meta property=\"og:image:height\" content=\"1707\" \/>\n\t<meta property=\"og:image:type\" content=\"image\/jpeg\" \/>\n<meta name=\"twitter:card\" content=\"summary_large_image\" \/>\n<meta name=\"twitter:site\" content=\"@etivazaop\" \/>\n<meta name=\"twitter:label1\" content=\"Estimated reading time\" \/>\n\t<meta name=\"twitter:data1\" content=\"1 minute\" \/>\n<script type=\"application\/ld+json\" class=\"yoast-schema-graph\">{\"@context\":\"https:\/\/schema.org\",\"@graph\":[{\"@type\":\"WebPage\",\"@id\":\"https:\/\/shop.etivaz-aop.ch\/produit\/letivaz-vieux\/\",\"url\":\"https:\/\/shop.etivaz-aop.ch\/produit\/letivaz-vieux\/\",\"name\":\"L'Etivaz AOP R\u00e9serve|(+ de 14 mois) - Etivaz AOP\",\"isPartOf\":{\"@id\":\"https:\/\/shop.etivaz-aop.ch\/#website\"},\"primaryImageOfPage\":{\"@id\":\"https:\/\/shop.etivaz-aop.ch\/produit\/letivaz-vieux\/#primaryimage\"},\"image\":{\"@id\":\"https:\/\/shop.etivaz-aop.ch\/produit\/letivaz-vieux\/#primaryimage\"},\"thumbnailUrl\":\"https:\/\/shop.etivaz-aop.ch\/wp-content\/uploads\/2021\/02\/etivaz_2676-scaled.jpg\",\"datePublished\":\"2020-11-12T12:04:28+00:00\",\"dateModified\":\"2024-08-15T09:59:40+00:00\",\"breadcrumb\":{\"@id\":\"https:\/\/shop.etivaz-aop.ch\/produit\/letivaz-vieux\/#breadcrumb\"},\"inLanguage\":\"en-GB\",\"potentialAction\":[{\"@type\":\"ReadAction\",\"target\":[\"https:\/\/shop.etivaz-aop.ch\/produit\/letivaz-vieux\/\"]}]},{\"@type\":\"ImageObject\",\"inLanguage\":\"en-GB\",\"@id\":\"https:\/\/shop.etivaz-aop.ch\/produit\/letivaz-vieux\/#primaryimage\",\"url\":\"https:\/\/shop.etivaz-aop.ch\/wp-content\/uploads\/2021\/02\/etivaz_2676-scaled.jpg\",\"contentUrl\":\"https:\/\/shop.etivaz-aop.ch\/wp-content\/uploads\/2021\/02\/etivaz_2676-scaled.jpg\",\"width\":2560,\"height\":1707},{\"@type\":\"BreadcrumbList\",\"@id\":\"https:\/\/shop.etivaz-aop.ch\/produit\/letivaz-vieux\/#breadcrumb\",\"itemListElement\":[{\"@type\":\"ListItem\",\"position\":1,\"name\":\"Home\",\"item\":\"https:\/\/shop.etivaz-aop.ch\/\"},{\"@type\":\"ListItem\",\"position\":2,\"name\":\"Produits\",\"item\":\"https:\/\/shop.etivaz-aop.ch\/boutique\/\"},{\"@type\":\"ListItem\",\"position\":3,\"name\":\"L&rsquo;Etivaz AOP R\u00e9serve|(+ de 14 mois)\"}]},{\"@type\":\"WebSite\",\"@id\":\"https:\/\/shop.etivaz-aop.ch\/#website\",\"url\":\"https:\/\/shop.etivaz-aop.ch\/\",\"name\":\"Boutique de l'Etivaz AOP\",\"description\":\"\",\"publisher\":{\"@id\":\"https:\/\/shop.etivaz-aop.ch\/#organization\"},\"potentialAction\":[{\"@type\":\"SearchAction\",\"target\":{\"@type\":\"EntryPoint\",\"urlTemplate\":\"https:\/\/shop.etivaz-aop.ch\/?s={search_term_string}\"},\"query-input\":\"required name=search_term_string\"}],\"inLanguage\":\"en-GB\"},{\"@type\":\"Organization\",\"@id\":\"https:\/\/shop.etivaz-aop.ch\/#organization\",\"name\":\"Cooperatives des Producteurs de L'Etivaz\",\"url\":\"https:\/\/shop.etivaz-aop.ch\/\",\"logo\":{\"@type\":\"ImageObject\",\"inLanguage\":\"en-GB\",\"@id\":\"https:\/\/shop.etivaz-aop.ch\/#\/schema\/logo\/image\/\",\"url\":\"https:\/\/shop.etivaz-aop.ch\/wp-content\/uploads\/2021\/05\/ETIVAZ_logo_auFeuBois_RVB_20150811.png\",\"contentUrl\":\"https:\/\/shop.etivaz-aop.ch\/wp-content\/uploads\/2021\/05\/ETIVAZ_logo_auFeuBois_RVB_20150811.png\",\"width\":2133,\"height\":1241,\"caption\":\"Cooperatives des Producteurs de L'Etivaz\"},\"image\":{\"@id\":\"https:\/\/shop.etivaz-aop.ch\/#\/schema\/logo\/image\/\"},\"sameAs\":[\"https:\/\/www.facebook.com\/letivaz.aop\",\"https:\/\/x.com\/etivazaop\",\"https:\/\/www.instagram.com\/etivaz\/\",\"https:\/\/www.pinterest.ch\/etivazaop\/_created\/\",\"https:\/\/www.youtube.com\/channel\/UC_QM4nMQnnnjtYh57mGf1yQ\",\"https:\/\/fr.wikipedia.org\/wiki\/L'Etivaz\"]}]}<\/script>\n<!-- \/ Yoast SEO plugin. -->","yoast_head_json":{"title":"L'Etivaz AOP R\u00e9serve|(+ de 14 mois) - Etivaz AOP","robots":{"index":"index","follow":"follow","max-snippet":"max-snippet:-1","max-image-preview":"max-image-preview:large","max-video-preview":"max-video-preview:-1"},"canonical":"https:\/\/shop.etivaz-aop.ch\/en\/product\/letivaz-vieux\/","og_locale":"en_GB","og_type":"article","og_title":"L'Etivaz AOP R\u00e9serve|(+ de 14 mois) - Etivaz AOP","og_description":"L'Etivaz AOP R\u00e9serve correspond \u00e0 un affinage de 14 \u00e0 19 mois","og_url":"https:\/\/shop.etivaz-aop.ch\/en\/product\/letivaz-vieux\/","og_site_name":"Etivaz AOP","article_publisher":"https:\/\/www.facebook.com\/letivaz.aop","article_modified_time":"2024-08-15T09:59:40+00:00","og_image":[{"width":2560,"height":1707,"url":"https:\/\/shop.etivaz-aop.ch\/wp-content\/uploads\/2021\/02\/etivaz_2676-scaled.jpg","type":"image\/jpeg"}],"twitter_card":"summary_large_image","twitter_site":"@etivazaop","twitter_misc":{"Estimated reading time":"1 minute"},"schema":{"@context":"https:\/\/schema.org","@graph":[{"@type":"WebPage","@id":"https:\/\/shop.etivaz-aop.ch\/produit\/letivaz-vieux\/","url":"https:\/\/shop.etivaz-aop.ch\/produit\/letivaz-vieux\/","name":"L'Etivaz AOP R\u00e9serve|(+ de 14 mois) - Etivaz AOP","isPartOf":{"@id":"https:\/\/shop.etivaz-aop.ch\/#website"},"primaryImageOfPage":{"@id":"https:\/\/shop.etivaz-aop.ch\/produit\/letivaz-vieux\/#primaryimage"},"image":{"@id":"https:\/\/shop.etivaz-aop.ch\/produit\/letivaz-vieux\/#primaryimage"},"thumbnailUrl":"https:\/\/shop.etivaz-aop.ch\/wp-content\/uploads\/2021\/02\/etivaz_2676-scaled.jpg","datePublished":"2020-11-12T12:04:28+00:00","dateModified":"2024-08-15T09:59:40+00:00","breadcrumb":{"@id":"https:\/\/shop.etivaz-aop.ch\/produit\/letivaz-vieux\/#breadcrumb"},"inLanguage":"en-GB","potentialAction":[{"@type":"ReadAction","target":["https:\/\/shop.etivaz-aop.ch\/produit\/letivaz-vieux\/"]}]},{"@type":"ImageObject","inLanguage":"en-GB","@id":"https:\/\/shop.etivaz-aop.ch\/produit\/letivaz-vieux\/#primaryimage","url":"https:\/\/shop.etivaz-aop.ch\/wp-content\/uploads\/2021\/02\/etivaz_2676-scaled.jpg","contentUrl":"https:\/\/shop.etivaz-aop.ch\/wp-content\/uploads\/2021\/02\/etivaz_2676-scaled.jpg","width":2560,"height":1707},{"@type":"BreadcrumbList","@id":"https:\/\/shop.etivaz-aop.ch\/produit\/letivaz-vieux\/#breadcrumb","itemListElement":[{"@type":"ListItem","position":1,"name":"Home","item":"https:\/\/shop.etivaz-aop.ch\/"},{"@type":"ListItem","position":2,"name":"Produits","item":"https:\/\/shop.etivaz-aop.ch\/boutique\/"},{"@type":"ListItem","position":3,"name":"L&rsquo;Etivaz AOP R\u00e9serve|(+ de 14 mois)"}]},{"@type":"WebSite","@id":"https:\/\/shop.etivaz-aop.ch\/#website","url":"https:\/\/shop.etivaz-aop.ch\/","name":"Boutique de l'Etivaz AOP","description":"","publisher":{"@id":"https:\/\/shop.etivaz-aop.ch\/#organization"},"potentialAction":[{"@type":"SearchAction","target":{"@type":"EntryPoint","urlTemplate":"https:\/\/shop.etivaz-aop.ch\/?s={search_term_string}"},"query-input":"required name=search_term_string"}],"inLanguage":"en-GB"},{"@type":"Organization","@id":"https:\/\/shop.etivaz-aop.ch\/#organization","name":"Cooperatives des Producteurs de L'Etivaz","url":"https:\/\/shop.etivaz-aop.ch\/","logo":{"@type":"ImageObject","inLanguage":"en-GB","@id":"https:\/\/shop.etivaz-aop.ch\/#\/schema\/logo\/image\/","url":"https:\/\/shop.etivaz-aop.ch\/wp-content\/uploads\/2021\/05\/ETIVAZ_logo_auFeuBois_RVB_20150811.png","contentUrl":"https:\/\/shop.etivaz-aop.ch\/wp-content\/uploads\/2021\/05\/ETIVAZ_logo_auFeuBois_RVB_20150811.png","width":2133,"height":1241,"caption":"Cooperatives des Producteurs de L'Etivaz"},"image":{"@id":"https:\/\/shop.etivaz-aop.ch\/#\/schema\/logo\/image\/"},"sameAs":["https:\/\/www.facebook.com\/letivaz.aop","https:\/\/x.com\/etivazaop","https:\/\/www.instagram.com\/etivaz\/","https:\/\/www.pinterest.ch\/etivazaop\/_created\/","https:\/\/www.youtube.com\/channel\/UC_QM4nMQnnnjtYh57mGf1yQ","https:\/\/fr.wikipedia.org\/wiki\/L'Etivaz"]}]}},"_links":{"self":[{"href":"https:\/\/shop.etivaz-aop.ch\/en\/wp-json\/wp\/v2\/product\/3871"}],"collection":[{"href":"https:\/\/shop.etivaz-aop.ch\/en\/wp-json\/wp\/v2\/product"}],"about":[{"href":"https:\/\/shop.etivaz-aop.ch\/en\/wp-json\/wp\/v2\/types\/product"}],"wp:featuredmedia":[{"embeddable":true,"href":"https:\/\/shop.etivaz-aop.ch\/en\/wp-json\/wp\/v2\/media\/4495"}],"wp:attachment":[{"href":"https:\/\/shop.etivaz-aop.ch\/en\/wp-json\/wp\/v2\/media?parent=3871"}],"wp:term":[{"taxonomy":"product_cat","embeddable":true,"href":"https:\/\/shop.etivaz-aop.ch\/en\/wp-json\/wp\/v2\/product_cat?post=3871"},{"taxonomy":"product_tag","embeddable":true,"href":"https:\/\/shop.etivaz-aop.ch\/en\/wp-json\/wp\/v2\/product_tag?post=3871"}],"curies":[{"name":"wp","href":"https:\/\/api.w.org\/{rel}","templated":true}]}}