{"id":4127,"date":"2021-01-26T14:42:04","date_gmt":"2021-01-26T13:42:04","guid":{"rendered":"https:\/\/shop-etivaz-aop.techniconcept.ch\/?post_type=product&#038;p=4127"},"modified":"2025-12-13T06:57:34","modified_gmt":"2025-12-13T05:57:34","slug":"jaquette-letivaz-sans-capuchon","status":"publish","type":"product","link":"https:\/\/shop.etivaz-aop.ch\/en\/product\/jaquette-letivaz-sans-capuchon\/","title":{"rendered":"Jaquette sans capuchon <br\/><span class=\"subtitle\">Homme<br\/><span class=\"subtitle\"><\/span>"},"content":{"rendered":"<p>Cette jaquette est id\u00e9ale en toute saison. Sans capuchon, elle am\u00e8ne un style plus classique, moins d\u00e9contract\u00e9. Cette gamme d&rsquo;habits refl\u00e8te le c\u00f4t\u00e9 montagne et porte haut les couleurs du d\u00e9coupage, sp\u00e9cialit\u00e9 typique de la r\u00e9gion du Pays-d&rsquo;Enhaut. Si la croix suisse sur la manche est un clin d&rsquo;\u0153il \u00e0 l&rsquo;origine de notre fromage d&rsquo;alpage, le logo d\u00e9coup\u00e9 dans le dos donne un ton d\u00e9cal\u00e9 et moderne \u00e0 l&rsquo;ensemble.<\/p>\n<p><strong>Lavage<\/strong> : De pr\u00e9f\u00e9rence \u00e0 30\u00b0 et ne pas mettre au s\u00e9choir<\/p>","protected":false},"excerpt":{"rendered":"<p>Cette jaquette est id\u00e9ale en toute saison. Sans capuchon, elle am\u00e8ne un style plus classique, moins d\u00e9contract\u00e9. Cette gamme d&rsquo;habits refl\u00e8te le c\u00f4t\u00e9 montagne et porte haut les couleurs du d\u00e9coupage, sp\u00e9cialit\u00e9 typique de la r\u00e9gion du Pays-d&rsquo;Enhaut. Si la croix suisse sur la manche est un clin d&rsquo;\u0153il \u00e0 l&rsquo;origine de notre fromage d&rsquo;alpage, [&hellip;]<\/p>","protected":false},"featured_media":9527,"template":"","meta":{"_acf_changed":false,"site-sidebar-layout":"default","site-content-layout":"default","ast-site-content-layout":"default","site-content-style":"default","site-sidebar-style":"default","ast-global-header-display":"","ast-banner-title-visibility":"","ast-main-header-display":"","ast-hfb-above-header-display":"","ast-hfb-below-header-display":"","ast-hfb-mobile-header-display":"","site-post-title":"","ast-breadcrumbs-content":"","ast-featured-img":"","footer-sml-layout":"","theme-transparent-header-meta":"default","adv-header-id-meta":"","stick-header-meta":"","header-above-stick-meta":"","header-main-stick-meta":"","header-below-stick-meta":"","astra-migrate-meta-layouts":"set","ast-page-background-enabled":"default","ast-page-background-meta":{"desktop":{"background-color":"","background-image":"","background-repeat":"repeat","background-position":"center center","background-size":"auto","background-attachment":"scroll","background-type":"","background-media":"","overlay-type":"","overlay-color":"","overlay-opacity":"","overlay-gradient":""},"tablet":{"background-color":"","background-image":"","background-repeat":"repeat","background-position":"center center","background-size":"auto","background-attachment":"scroll","background-type":"","background-media":"","overlay-type":"","overlay-color":"","overlay-opacity":"","overlay-gradient":""},"mobile":{"background-color":"","background-image":"","background-repeat":"repeat","background-position":"center center","background-size":"auto","background-attachment":"scroll","background-type":"","background-media":"","overlay-type":"","overlay-color":"","overlay-opacity":"","overlay-gradient":""}},"ast-content-background-meta":{"desktop":{"background-color":"var(--ast-global-color-5)","background-image":"","background-repeat":"repeat","background-position":"center center","background-size":"auto","background-attachment":"scroll","background-type":"","background-media":"","overlay-type":"","overlay-color":"","overlay-opacity":"","overlay-gradient":""},"tablet":{"background-color":"var(--ast-global-color-5)","background-image":"","background-repeat":"repeat","background-position":"center center","background-size":"auto","background-attachment":"scroll","background-type":"","background-media":"","overlay-type":"","overlay-color":"","overlay-opacity":"","overlay-gradient":""},"mobile":{"background-color":"var(--ast-global-color-5)","background-image":"","background-repeat":"repeat","background-position":"center center","background-size":"auto","background-attachment":"scroll","background-type":"","background-media":"","overlay-type":"","overlay-color":"","overlay-opacity":"","overlay-gradient":""}}},"product_cat":[36,40],"product_tag":[],"acf":[],"yoast_head":"<!-- This site is optimized with the Yoast SEO plugin v22.9 - https:\/\/yoast.com\/wordpress\/plugins\/seo\/ -->\n<title>Jaquette sans capuchon |Homme| - Etivaz AOP<\/title>\n<meta name=\"description\" content=\"Cette jaquette sans capuchon tendance mais fid\u00e8le \u00e0 l&#039;image de L&#039;Etivaz AOP avec un clin d&#039;oeil \u00e0 son logo en d\u00e9coupage. Confortable et disponibles en de nombreuses couleurs. D\u00e9couvrez toute la gamme sur le shop.etivaz.c\" \/>\n<meta name=\"robots\" content=\"index, follow, max-snippet:-1, max-image-preview:large, max-video-preview:-1\" \/>\n<link rel=\"canonical\" href=\"https:\/\/shop.etivaz-aop.ch\/en\/product\/jaquette-letivaz-sans-capuchon\/\" \/>\n<meta property=\"og:locale\" content=\"en_GB\" \/>\n<meta property=\"og:type\" content=\"article\" \/>\n<meta property=\"og:title\" content=\"Jaquette sans capuchon |Homme| - Etivaz AOP\" \/>\n<meta property=\"og:description\" content=\"Cette jaquette sans capuchon tendance mais fid\u00e8le \u00e0 l&#039;image de L&#039;Etivaz AOP avec un clin d&#039;oeil \u00e0 son logo en d\u00e9coupage. Confortable et disponibles en de nombreuses couleurs. D\u00e9couvrez toute la gamme sur le shop.etivaz.c\" \/>\n<meta property=\"og:url\" content=\"https:\/\/shop.etivaz-aop.ch\/en\/product\/jaquette-letivaz-sans-capuchon\/\" \/>\n<meta property=\"og:site_name\" content=\"Etivaz AOP\" \/>\n<meta property=\"article:publisher\" content=\"https:\/\/www.facebook.com\/letivaz.aop\" \/>\n<meta property=\"article:modified_time\" content=\"2025-12-13T05:57:34+00:00\" \/>\n<meta property=\"og:image\" content=\"https:\/\/shop.etivaz-aop.ch\/wp-content\/uploads\/2021\/02\/Jaquette_s.Capuchon_H.jpg\" \/>\n\t<meta property=\"og:image:width\" content=\"345\" \/>\n\t<meta property=\"og:image:height\" content=\"344\" \/>\n\t<meta property=\"og:image:type\" content=\"image\/jpeg\" \/>\n<meta name=\"twitter:card\" content=\"summary_large_image\" \/>\n<meta name=\"twitter:site\" content=\"@etivazaop\" \/>\n<meta name=\"twitter:label1\" content=\"Estimated reading time\" \/>\n\t<meta name=\"twitter:data1\" content=\"1 minute\" \/>\n<script type=\"application\/ld+json\" class=\"yoast-schema-graph\">{\"@context\":\"https:\/\/schema.org\",\"@graph\":[{\"@type\":\"WebPage\",\"@id\":\"https:\/\/shop.etivaz-aop.ch\/produit\/jaquette-letivaz-sans-capuchon\/\",\"url\":\"https:\/\/shop.etivaz-aop.ch\/produit\/jaquette-letivaz-sans-capuchon\/\",\"name\":\"Jaquette sans capuchon |Homme| - Etivaz AOP\",\"isPartOf\":{\"@id\":\"https:\/\/shop.etivaz-aop.ch\/#website\"},\"primaryImageOfPage\":{\"@id\":\"https:\/\/shop.etivaz-aop.ch\/produit\/jaquette-letivaz-sans-capuchon\/#primaryimage\"},\"image\":{\"@id\":\"https:\/\/shop.etivaz-aop.ch\/produit\/jaquette-letivaz-sans-capuchon\/#primaryimage\"},\"thumbnailUrl\":\"https:\/\/shop.etivaz-aop.ch\/wp-content\/uploads\/2021\/02\/Jaquette_s.Capuchon_H.jpg\",\"datePublished\":\"2021-01-26T13:42:04+00:00\",\"dateModified\":\"2025-12-13T05:57:34+00:00\",\"description\":\"Cette jaquette sans capuchon tendance mais fid\u00e8le \u00e0 l'image de L'Etivaz AOP avec un clin d'oeil \u00e0 son logo en d\u00e9coupage. Confortable et disponibles en de nombreuses couleurs. D\u00e9couvrez toute la gamme sur le shop.etivaz.c\",\"breadcrumb\":{\"@id\":\"https:\/\/shop.etivaz-aop.ch\/produit\/jaquette-letivaz-sans-capuchon\/#breadcrumb\"},\"inLanguage\":\"en-GB\",\"potentialAction\":[{\"@type\":\"ReadAction\",\"target\":[\"https:\/\/shop.etivaz-aop.ch\/produit\/jaquette-letivaz-sans-capuchon\/\"]}]},{\"@type\":\"ImageObject\",\"inLanguage\":\"en-GB\",\"@id\":\"https:\/\/shop.etivaz-aop.ch\/produit\/jaquette-letivaz-sans-capuchon\/#primaryimage\",\"url\":\"https:\/\/shop.etivaz-aop.ch\/wp-content\/uploads\/2021\/02\/Jaquette_s.Capuchon_H.jpg\",\"contentUrl\":\"https:\/\/shop.etivaz-aop.ch\/wp-content\/uploads\/2021\/02\/Jaquette_s.Capuchon_H.jpg\",\"width\":345,\"height\":344},{\"@type\":\"BreadcrumbList\",\"@id\":\"https:\/\/shop.etivaz-aop.ch\/produit\/jaquette-letivaz-sans-capuchon\/#breadcrumb\",\"itemListElement\":[{\"@type\":\"ListItem\",\"position\":1,\"name\":\"Home\",\"item\":\"https:\/\/shop.etivaz-aop.ch\/\"},{\"@type\":\"ListItem\",\"position\":2,\"name\":\"Produits\",\"item\":\"https:\/\/shop.etivaz-aop.ch\/boutique\/\"},{\"@type\":\"ListItem\",\"position\":3,\"name\":\"Jaquette sans capuchon |Homme|\"}]},{\"@type\":\"WebSite\",\"@id\":\"https:\/\/shop.etivaz-aop.ch\/#website\",\"url\":\"https:\/\/shop.etivaz-aop.ch\/\",\"name\":\"Boutique de l'Etivaz AOP\",\"description\":\"\",\"publisher\":{\"@id\":\"https:\/\/shop.etivaz-aop.ch\/#organization\"},\"potentialAction\":[{\"@type\":\"SearchAction\",\"target\":{\"@type\":\"EntryPoint\",\"urlTemplate\":\"https:\/\/shop.etivaz-aop.ch\/?s={search_term_string}\"},\"query-input\":\"required name=search_term_string\"}],\"inLanguage\":\"en-GB\"},{\"@type\":\"Organization\",\"@id\":\"https:\/\/shop.etivaz-aop.ch\/#organization\",\"name\":\"Cooperatives des Producteurs de L'Etivaz\",\"url\":\"https:\/\/shop.etivaz-aop.ch\/\",\"logo\":{\"@type\":\"ImageObject\",\"inLanguage\":\"en-GB\",\"@id\":\"https:\/\/shop.etivaz-aop.ch\/#\/schema\/logo\/image\/\",\"url\":\"https:\/\/shop.etivaz-aop.ch\/wp-content\/uploads\/2021\/05\/ETIVAZ_logo_auFeuBois_RVB_20150811.png\",\"contentUrl\":\"https:\/\/shop.etivaz-aop.ch\/wp-content\/uploads\/2021\/05\/ETIVAZ_logo_auFeuBois_RVB_20150811.png\",\"width\":2133,\"height\":1241,\"caption\":\"Cooperatives des Producteurs de L'Etivaz\"},\"image\":{\"@id\":\"https:\/\/shop.etivaz-aop.ch\/#\/schema\/logo\/image\/\"},\"sameAs\":[\"https:\/\/www.facebook.com\/letivaz.aop\",\"https:\/\/x.com\/etivazaop\",\"https:\/\/www.instagram.com\/etivaz\/\",\"https:\/\/www.pinterest.ch\/etivazaop\/_created\/\",\"https:\/\/www.youtube.com\/channel\/UC_QM4nMQnnnjtYh57mGf1yQ\",\"https:\/\/fr.wikipedia.org\/wiki\/L'Etivaz\"]}]}<\/script>\n<!-- \/ Yoast SEO plugin. -->","yoast_head_json":{"title":"Jaquette sans capuchon |Homme| - Etivaz AOP","description":"Cette jaquette sans capuchon tendance mais fid\u00e8le \u00e0 l'image de L'Etivaz AOP avec un clin d'oeil \u00e0 son logo en d\u00e9coupage. Confortable et disponibles en de nombreuses couleurs. D\u00e9couvrez toute la gamme sur le shop.etivaz.c","robots":{"index":"index","follow":"follow","max-snippet":"max-snippet:-1","max-image-preview":"max-image-preview:large","max-video-preview":"max-video-preview:-1"},"canonical":"https:\/\/shop.etivaz-aop.ch\/en\/product\/jaquette-letivaz-sans-capuchon\/","og_locale":"en_GB","og_type":"article","og_title":"Jaquette sans capuchon |Homme| - Etivaz AOP","og_description":"Cette jaquette sans capuchon tendance mais fid\u00e8le \u00e0 l'image de L'Etivaz AOP avec un clin d'oeil \u00e0 son logo en d\u00e9coupage. Confortable et disponibles en de nombreuses couleurs. D\u00e9couvrez toute la gamme sur le shop.etivaz.c","og_url":"https:\/\/shop.etivaz-aop.ch\/en\/product\/jaquette-letivaz-sans-capuchon\/","og_site_name":"Etivaz AOP","article_publisher":"https:\/\/www.facebook.com\/letivaz.aop","article_modified_time":"2025-12-13T05:57:34+00:00","og_image":[{"width":345,"height":344,"url":"https:\/\/shop.etivaz-aop.ch\/wp-content\/uploads\/2021\/02\/Jaquette_s.Capuchon_H.jpg","type":"image\/jpeg"}],"twitter_card":"summary_large_image","twitter_site":"@etivazaop","twitter_misc":{"Estimated reading time":"1 minute"},"schema":{"@context":"https:\/\/schema.org","@graph":[{"@type":"WebPage","@id":"https:\/\/shop.etivaz-aop.ch\/produit\/jaquette-letivaz-sans-capuchon\/","url":"https:\/\/shop.etivaz-aop.ch\/produit\/jaquette-letivaz-sans-capuchon\/","name":"Jaquette sans capuchon |Homme| - Etivaz AOP","isPartOf":{"@id":"https:\/\/shop.etivaz-aop.ch\/#website"},"primaryImageOfPage":{"@id":"https:\/\/shop.etivaz-aop.ch\/produit\/jaquette-letivaz-sans-capuchon\/#primaryimage"},"image":{"@id":"https:\/\/shop.etivaz-aop.ch\/produit\/jaquette-letivaz-sans-capuchon\/#primaryimage"},"thumbnailUrl":"https:\/\/shop.etivaz-aop.ch\/wp-content\/uploads\/2021\/02\/Jaquette_s.Capuchon_H.jpg","datePublished":"2021-01-26T13:42:04+00:00","dateModified":"2025-12-13T05:57:34+00:00","description":"Cette jaquette sans capuchon tendance mais fid\u00e8le \u00e0 l'image de L'Etivaz AOP avec un clin d'oeil \u00e0 son logo en d\u00e9coupage. Confortable et disponibles en de nombreuses couleurs. D\u00e9couvrez toute la gamme sur le shop.etivaz.c","breadcrumb":{"@id":"https:\/\/shop.etivaz-aop.ch\/produit\/jaquette-letivaz-sans-capuchon\/#breadcrumb"},"inLanguage":"en-GB","potentialAction":[{"@type":"ReadAction","target":["https:\/\/shop.etivaz-aop.ch\/produit\/jaquette-letivaz-sans-capuchon\/"]}]},{"@type":"ImageObject","inLanguage":"en-GB","@id":"https:\/\/shop.etivaz-aop.ch\/produit\/jaquette-letivaz-sans-capuchon\/#primaryimage","url":"https:\/\/shop.etivaz-aop.ch\/wp-content\/uploads\/2021\/02\/Jaquette_s.Capuchon_H.jpg","contentUrl":"https:\/\/shop.etivaz-aop.ch\/wp-content\/uploads\/2021\/02\/Jaquette_s.Capuchon_H.jpg","width":345,"height":344},{"@type":"BreadcrumbList","@id":"https:\/\/shop.etivaz-aop.ch\/produit\/jaquette-letivaz-sans-capuchon\/#breadcrumb","itemListElement":[{"@type":"ListItem","position":1,"name":"Home","item":"https:\/\/shop.etivaz-aop.ch\/"},{"@type":"ListItem","position":2,"name":"Produits","item":"https:\/\/shop.etivaz-aop.ch\/boutique\/"},{"@type":"ListItem","position":3,"name":"Jaquette sans capuchon |Homme|"}]},{"@type":"WebSite","@id":"https:\/\/shop.etivaz-aop.ch\/#website","url":"https:\/\/shop.etivaz-aop.ch\/","name":"Boutique de l'Etivaz AOP","description":"","publisher":{"@id":"https:\/\/shop.etivaz-aop.ch\/#organization"},"potentialAction":[{"@type":"SearchAction","target":{"@type":"EntryPoint","urlTemplate":"https:\/\/shop.etivaz-aop.ch\/?s={search_term_string}"},"query-input":"required name=search_term_string"}],"inLanguage":"en-GB"},{"@type":"Organization","@id":"https:\/\/shop.etivaz-aop.ch\/#organization","name":"Cooperatives des Producteurs de L'Etivaz","url":"https:\/\/shop.etivaz-aop.ch\/","logo":{"@type":"ImageObject","inLanguage":"en-GB","@id":"https:\/\/shop.etivaz-aop.ch\/#\/schema\/logo\/image\/","url":"https:\/\/shop.etivaz-aop.ch\/wp-content\/uploads\/2021\/05\/ETIVAZ_logo_auFeuBois_RVB_20150811.png","contentUrl":"https:\/\/shop.etivaz-aop.ch\/wp-content\/uploads\/2021\/05\/ETIVAZ_logo_auFeuBois_RVB_20150811.png","width":2133,"height":1241,"caption":"Cooperatives des Producteurs de L'Etivaz"},"image":{"@id":"https:\/\/shop.etivaz-aop.ch\/#\/schema\/logo\/image\/"},"sameAs":["https:\/\/www.facebook.com\/letivaz.aop","https:\/\/x.com\/etivazaop","https:\/\/www.instagram.com\/etivaz\/","https:\/\/www.pinterest.ch\/etivazaop\/_created\/","https:\/\/www.youtube.com\/channel\/UC_QM4nMQnnnjtYh57mGf1yQ","https:\/\/fr.wikipedia.org\/wiki\/L'Etivaz"]}]}},"_links":{"self":[{"href":"https:\/\/shop.etivaz-aop.ch\/en\/wp-json\/wp\/v2\/product\/4127"}],"collection":[{"href":"https:\/\/shop.etivaz-aop.ch\/en\/wp-json\/wp\/v2\/product"}],"about":[{"href":"https:\/\/shop.etivaz-aop.ch\/en\/wp-json\/wp\/v2\/types\/product"}],"wp:featuredmedia":[{"embeddable":true,"href":"https:\/\/shop.etivaz-aop.ch\/en\/wp-json\/wp\/v2\/media\/9527"}],"wp:attachment":[{"href":"https:\/\/shop.etivaz-aop.ch\/en\/wp-json\/wp\/v2\/media?parent=4127"}],"wp:term":[{"taxonomy":"product_cat","embeddable":true,"href":"https:\/\/shop.etivaz-aop.ch\/en\/wp-json\/wp\/v2\/product_cat?post=4127"},{"taxonomy":"product_tag","embeddable":true,"href":"https:\/\/shop.etivaz-aop.ch\/en\/wp-json\/wp\/v2\/product_tag?post=4127"}],"curies":[{"name":"wp","href":"https:\/\/api.w.org\/{rel}","templated":true}]}}