{"id":4588,"date":"2021-02-09T15:14:32","date_gmt":"2021-02-09T14:14:32","guid":{"rendered":"https:\/\/shop-etivaz-aop.techniconcept.ch\/?post_type=product&#038;p=4588"},"modified":"2025-09-02T00:06:50","modified_gmt":"2025-09-01T22:06:50","slug":"t-shirts-homme","status":"publish","type":"product","link":"https:\/\/shop.etivaz-aop.ch\/en\/product\/t-shirts-homme\/","title":{"rendered":"T-shirts <br\/><span class=\"subtitle\">Homme<br\/><span class=\"subtitle\"><\/span>"},"content":{"rendered":"<p>Ce t-shirt est agr\u00e9able \u00e0 porter, sa coupe est simple et fait tout son effet. Pour les hommes qui aiment le mouvement, sportif ou professionnel, les mouvements du haut du corps ne sont pas entrav\u00e9s par une coupe trop \u00e9troite ou un col serr\u00e9. Le logo de L&rsquo;Etivaz est d\u00e9coup\u00e9 dans le dos et visible en entier sur le c\u0153ur.<\/p>\n<p>&nbsp;<\/p>\n<p><strong>Lavage: <\/strong>De pr\u00e9f\u00e9rence \u00e0 30\u00b0 et ne pas mettre au s\u00e9choir<\/p>","protected":false},"excerpt":{"rendered":"<p>Ce t-shirt est agr\u00e9able \u00e0 porter, sa coupe est simple et fait tout son effet. Pour les hommes qui aiment le mouvement, sportif ou professionnel, les mouvements du haut du corps ne sont pas entrav\u00e9s par une coupe trop \u00e9troite ou un col serr\u00e9. Le logo de L&rsquo;Etivaz est d\u00e9coup\u00e9 dans le dos et visible [&hellip;]<\/p>","protected":false},"featured_media":5137,"template":"","meta":{"_acf_changed":false,"site-sidebar-layout":"default","site-content-layout":"default","ast-site-content-layout":"default","site-content-style":"default","site-sidebar-style":"default","ast-global-header-display":"","ast-banner-title-visibility":"","ast-main-header-display":"","ast-hfb-above-header-display":"","ast-hfb-below-header-display":"","ast-hfb-mobile-header-display":"","site-post-title":"","ast-breadcrumbs-content":"","ast-featured-img":"","footer-sml-layout":"","theme-transparent-header-meta":"default","adv-header-id-meta":"","stick-header-meta":"","header-above-stick-meta":"","header-main-stick-meta":"","header-below-stick-meta":"","astra-migrate-meta-layouts":"set","ast-page-background-enabled":"default","ast-page-background-meta":{"desktop":{"background-color":"","background-image":"","background-repeat":"repeat","background-position":"center center","background-size":"auto","background-attachment":"scroll","background-type":"","background-media":"","overlay-type":"","overlay-color":"","overlay-opacity":"","overlay-gradient":""},"tablet":{"background-color":"","background-image":"","background-repeat":"repeat","background-position":"center center","background-size":"auto","background-attachment":"scroll","background-type":"","background-media":"","overlay-type":"","overlay-color":"","overlay-opacity":"","overlay-gradient":""},"mobile":{"background-color":"","background-image":"","background-repeat":"repeat","background-position":"center center","background-size":"auto","background-attachment":"scroll","background-type":"","background-media":"","overlay-type":"","overlay-color":"","overlay-opacity":"","overlay-gradient":""}},"ast-content-background-meta":{"desktop":{"background-color":"var(--ast-global-color-5)","background-image":"","background-repeat":"repeat","background-position":"center center","background-size":"auto","background-attachment":"scroll","background-type":"","background-media":"","overlay-type":"","overlay-color":"","overlay-opacity":"","overlay-gradient":""},"tablet":{"background-color":"var(--ast-global-color-5)","background-image":"","background-repeat":"repeat","background-position":"center center","background-size":"auto","background-attachment":"scroll","background-type":"","background-media":"","overlay-type":"","overlay-color":"","overlay-opacity":"","overlay-gradient":""},"mobile":{"background-color":"var(--ast-global-color-5)","background-image":"","background-repeat":"repeat","background-position":"center center","background-size":"auto","background-attachment":"scroll","background-type":"","background-media":"","overlay-type":"","overlay-color":"","overlay-opacity":"","overlay-gradient":""}}},"product_cat":[36,40],"product_tag":[],"acf":[],"yoast_head":"<!-- This site is optimized with the Yoast SEO plugin v22.9 - https:\/\/yoast.com\/wordpress\/plugins\/seo\/ -->\n<title>T-shirts |Homme| - Etivaz AOP<\/title>\n<meta name=\"description\" content=\"Un T-Shirt tendance mais fid\u00e8le \u00e0 l&#039;image de L&#039;Etivaz AOP avec un clin d\u2019\u0153il \u00e0 son logo en d\u00e9coupage. Disponibles en de nombreuses couleurs. D\u00e9couvrez toute la gamme sur le shop.etivaz.ch\" \/>\n<meta name=\"robots\" content=\"index, follow, max-snippet:-1, max-image-preview:large, max-video-preview:-1\" \/>\n<link rel=\"canonical\" href=\"https:\/\/shop.etivaz-aop.ch\/en\/product\/t-shirts-homme\/\" \/>\n<meta property=\"og:locale\" content=\"en_GB\" \/>\n<meta property=\"og:type\" content=\"article\" \/>\n<meta property=\"og:title\" content=\"T-shirts |Homme| - Etivaz AOP\" \/>\n<meta property=\"og:description\" content=\"Un T-Shirt tendance mais fid\u00e8le \u00e0 l&#039;image de L&#039;Etivaz AOP avec un clin d\u2019\u0153il \u00e0 son logo en d\u00e9coupage. Disponibles en de nombreuses couleurs. D\u00e9couvrez toute la gamme sur le shop.etivaz.ch\" \/>\n<meta property=\"og:url\" content=\"https:\/\/shop.etivaz-aop.ch\/en\/product\/t-shirts-homme\/\" \/>\n<meta property=\"og:site_name\" content=\"Etivaz AOP\" \/>\n<meta property=\"article:publisher\" content=\"https:\/\/www.facebook.com\/letivaz.aop\" \/>\n<meta property=\"article:modified_time\" content=\"2025-09-01T22:06:50+00:00\" \/>\n<meta property=\"og:image\" content=\"https:\/\/shop.etivaz-aop.ch\/wp-content\/uploads\/2021\/04\/T-shirt-bleu-marin-logo-blanc.jpg\" \/>\n\t<meta property=\"og:image:width\" content=\"2480\" \/>\n\t<meta property=\"og:image:height\" content=\"1754\" \/>\n\t<meta property=\"og:image:type\" content=\"image\/jpeg\" \/>\n<meta name=\"twitter:card\" content=\"summary_large_image\" \/>\n<meta name=\"twitter:site\" content=\"@etivazaop\" \/>\n<meta name=\"twitter:label1\" content=\"Estimated reading time\" \/>\n\t<meta name=\"twitter:data1\" content=\"1 minute\" \/>\n<script type=\"application\/ld+json\" class=\"yoast-schema-graph\">{\"@context\":\"https:\/\/schema.org\",\"@graph\":[{\"@type\":\"WebPage\",\"@id\":\"https:\/\/shop.etivaz-aop.ch\/produit\/t-shirts-homme\/\",\"url\":\"https:\/\/shop.etivaz-aop.ch\/produit\/t-shirts-homme\/\",\"name\":\"T-shirts |Homme| - Etivaz AOP\",\"isPartOf\":{\"@id\":\"https:\/\/shop.etivaz-aop.ch\/#website\"},\"primaryImageOfPage\":{\"@id\":\"https:\/\/shop.etivaz-aop.ch\/produit\/t-shirts-homme\/#primaryimage\"},\"image\":{\"@id\":\"https:\/\/shop.etivaz-aop.ch\/produit\/t-shirts-homme\/#primaryimage\"},\"thumbnailUrl\":\"https:\/\/shop.etivaz-aop.ch\/wp-content\/uploads\/2021\/04\/T-shirt-bleu-marin-logo-blanc.jpg\",\"datePublished\":\"2021-02-09T14:14:32+00:00\",\"dateModified\":\"2025-09-01T22:06:50+00:00\",\"description\":\"Un T-Shirt tendance mais fid\u00e8le \u00e0 l'image de L'Etivaz AOP avec un clin d\u2019\u0153il \u00e0 son logo en d\u00e9coupage. Disponibles en de nombreuses couleurs. D\u00e9couvrez toute la gamme sur le shop.etivaz.ch\",\"breadcrumb\":{\"@id\":\"https:\/\/shop.etivaz-aop.ch\/produit\/t-shirts-homme\/#breadcrumb\"},\"inLanguage\":\"en-GB\",\"potentialAction\":[{\"@type\":\"ReadAction\",\"target\":[\"https:\/\/shop.etivaz-aop.ch\/produit\/t-shirts-homme\/\"]}]},{\"@type\":\"ImageObject\",\"inLanguage\":\"en-GB\",\"@id\":\"https:\/\/shop.etivaz-aop.ch\/produit\/t-shirts-homme\/#primaryimage\",\"url\":\"https:\/\/shop.etivaz-aop.ch\/wp-content\/uploads\/2021\/04\/T-shirt-bleu-marin-logo-blanc.jpg\",\"contentUrl\":\"https:\/\/shop.etivaz-aop.ch\/wp-content\/uploads\/2021\/04\/T-shirt-bleu-marin-logo-blanc.jpg\",\"width\":2480,\"height\":1754},{\"@type\":\"BreadcrumbList\",\"@id\":\"https:\/\/shop.etivaz-aop.ch\/produit\/t-shirts-homme\/#breadcrumb\",\"itemListElement\":[{\"@type\":\"ListItem\",\"position\":1,\"name\":\"Home\",\"item\":\"https:\/\/shop.etivaz-aop.ch\/\"},{\"@type\":\"ListItem\",\"position\":2,\"name\":\"Produits\",\"item\":\"https:\/\/shop.etivaz-aop.ch\/boutique\/\"},{\"@type\":\"ListItem\",\"position\":3,\"name\":\"T-shirts |Homme|\"}]},{\"@type\":\"WebSite\",\"@id\":\"https:\/\/shop.etivaz-aop.ch\/#website\",\"url\":\"https:\/\/shop.etivaz-aop.ch\/\",\"name\":\"Boutique de l'Etivaz AOP\",\"description\":\"\",\"publisher\":{\"@id\":\"https:\/\/shop.etivaz-aop.ch\/#organization\"},\"potentialAction\":[{\"@type\":\"SearchAction\",\"target\":{\"@type\":\"EntryPoint\",\"urlTemplate\":\"https:\/\/shop.etivaz-aop.ch\/?s={search_term_string}\"},\"query-input\":\"required name=search_term_string\"}],\"inLanguage\":\"en-GB\"},{\"@type\":\"Organization\",\"@id\":\"https:\/\/shop.etivaz-aop.ch\/#organization\",\"name\":\"Cooperatives des Producteurs de L'Etivaz\",\"url\":\"https:\/\/shop.etivaz-aop.ch\/\",\"logo\":{\"@type\":\"ImageObject\",\"inLanguage\":\"en-GB\",\"@id\":\"https:\/\/shop.etivaz-aop.ch\/#\/schema\/logo\/image\/\",\"url\":\"https:\/\/shop.etivaz-aop.ch\/wp-content\/uploads\/2021\/05\/ETIVAZ_logo_auFeuBois_RVB_20150811.png\",\"contentUrl\":\"https:\/\/shop.etivaz-aop.ch\/wp-content\/uploads\/2021\/05\/ETIVAZ_logo_auFeuBois_RVB_20150811.png\",\"width\":2133,\"height\":1241,\"caption\":\"Cooperatives des Producteurs de L'Etivaz\"},\"image\":{\"@id\":\"https:\/\/shop.etivaz-aop.ch\/#\/schema\/logo\/image\/\"},\"sameAs\":[\"https:\/\/www.facebook.com\/letivaz.aop\",\"https:\/\/x.com\/etivazaop\",\"https:\/\/www.instagram.com\/etivaz\/\",\"https:\/\/www.pinterest.ch\/etivazaop\/_created\/\",\"https:\/\/www.youtube.com\/channel\/UC_QM4nMQnnnjtYh57mGf1yQ\",\"https:\/\/fr.wikipedia.org\/wiki\/L'Etivaz\"]}]}<\/script>\n<!-- \/ Yoast SEO plugin. -->","yoast_head_json":{"title":"T-shirts |Homme| - Etivaz AOP","description":"Un T-Shirt tendance mais fid\u00e8le \u00e0 l'image de L'Etivaz AOP avec un clin d\u2019\u0153il \u00e0 son logo en d\u00e9coupage. Disponibles en de nombreuses couleurs. D\u00e9couvrez toute la gamme sur le shop.etivaz.ch","robots":{"index":"index","follow":"follow","max-snippet":"max-snippet:-1","max-image-preview":"max-image-preview:large","max-video-preview":"max-video-preview:-1"},"canonical":"https:\/\/shop.etivaz-aop.ch\/en\/product\/t-shirts-homme\/","og_locale":"en_GB","og_type":"article","og_title":"T-shirts |Homme| - Etivaz AOP","og_description":"Un T-Shirt tendance mais fid\u00e8le \u00e0 l'image de L'Etivaz AOP avec un clin d\u2019\u0153il \u00e0 son logo en d\u00e9coupage. Disponibles en de nombreuses couleurs. D\u00e9couvrez toute la gamme sur le shop.etivaz.ch","og_url":"https:\/\/shop.etivaz-aop.ch\/en\/product\/t-shirts-homme\/","og_site_name":"Etivaz AOP","article_publisher":"https:\/\/www.facebook.com\/letivaz.aop","article_modified_time":"2025-09-01T22:06:50+00:00","og_image":[{"width":2480,"height":1754,"url":"https:\/\/shop.etivaz-aop.ch\/wp-content\/uploads\/2021\/04\/T-shirt-bleu-marin-logo-blanc.jpg","type":"image\/jpeg"}],"twitter_card":"summary_large_image","twitter_site":"@etivazaop","twitter_misc":{"Estimated reading time":"1 minute"},"schema":{"@context":"https:\/\/schema.org","@graph":[{"@type":"WebPage","@id":"https:\/\/shop.etivaz-aop.ch\/produit\/t-shirts-homme\/","url":"https:\/\/shop.etivaz-aop.ch\/produit\/t-shirts-homme\/","name":"T-shirts |Homme| - Etivaz AOP","isPartOf":{"@id":"https:\/\/shop.etivaz-aop.ch\/#website"},"primaryImageOfPage":{"@id":"https:\/\/shop.etivaz-aop.ch\/produit\/t-shirts-homme\/#primaryimage"},"image":{"@id":"https:\/\/shop.etivaz-aop.ch\/produit\/t-shirts-homme\/#primaryimage"},"thumbnailUrl":"https:\/\/shop.etivaz-aop.ch\/wp-content\/uploads\/2021\/04\/T-shirt-bleu-marin-logo-blanc.jpg","datePublished":"2021-02-09T14:14:32+00:00","dateModified":"2025-09-01T22:06:50+00:00","description":"Un T-Shirt tendance mais fid\u00e8le \u00e0 l'image de L'Etivaz AOP avec un clin d\u2019\u0153il \u00e0 son logo en d\u00e9coupage. Disponibles en de nombreuses couleurs. D\u00e9couvrez toute la gamme sur le shop.etivaz.ch","breadcrumb":{"@id":"https:\/\/shop.etivaz-aop.ch\/produit\/t-shirts-homme\/#breadcrumb"},"inLanguage":"en-GB","potentialAction":[{"@type":"ReadAction","target":["https:\/\/shop.etivaz-aop.ch\/produit\/t-shirts-homme\/"]}]},{"@type":"ImageObject","inLanguage":"en-GB","@id":"https:\/\/shop.etivaz-aop.ch\/produit\/t-shirts-homme\/#primaryimage","url":"https:\/\/shop.etivaz-aop.ch\/wp-content\/uploads\/2021\/04\/T-shirt-bleu-marin-logo-blanc.jpg","contentUrl":"https:\/\/shop.etivaz-aop.ch\/wp-content\/uploads\/2021\/04\/T-shirt-bleu-marin-logo-blanc.jpg","width":2480,"height":1754},{"@type":"BreadcrumbList","@id":"https:\/\/shop.etivaz-aop.ch\/produit\/t-shirts-homme\/#breadcrumb","itemListElement":[{"@type":"ListItem","position":1,"name":"Home","item":"https:\/\/shop.etivaz-aop.ch\/"},{"@type":"ListItem","position":2,"name":"Produits","item":"https:\/\/shop.etivaz-aop.ch\/boutique\/"},{"@type":"ListItem","position":3,"name":"T-shirts |Homme|"}]},{"@type":"WebSite","@id":"https:\/\/shop.etivaz-aop.ch\/#website","url":"https:\/\/shop.etivaz-aop.ch\/","name":"Boutique de l'Etivaz AOP","description":"","publisher":{"@id":"https:\/\/shop.etivaz-aop.ch\/#organization"},"potentialAction":[{"@type":"SearchAction","target":{"@type":"EntryPoint","urlTemplate":"https:\/\/shop.etivaz-aop.ch\/?s={search_term_string}"},"query-input":"required name=search_term_string"}],"inLanguage":"en-GB"},{"@type":"Organization","@id":"https:\/\/shop.etivaz-aop.ch\/#organization","name":"Cooperatives des Producteurs de L'Etivaz","url":"https:\/\/shop.etivaz-aop.ch\/","logo":{"@type":"ImageObject","inLanguage":"en-GB","@id":"https:\/\/shop.etivaz-aop.ch\/#\/schema\/logo\/image\/","url":"https:\/\/shop.etivaz-aop.ch\/wp-content\/uploads\/2021\/05\/ETIVAZ_logo_auFeuBois_RVB_20150811.png","contentUrl":"https:\/\/shop.etivaz-aop.ch\/wp-content\/uploads\/2021\/05\/ETIVAZ_logo_auFeuBois_RVB_20150811.png","width":2133,"height":1241,"caption":"Cooperatives des Producteurs de L'Etivaz"},"image":{"@id":"https:\/\/shop.etivaz-aop.ch\/#\/schema\/logo\/image\/"},"sameAs":["https:\/\/www.facebook.com\/letivaz.aop","https:\/\/x.com\/etivazaop","https:\/\/www.instagram.com\/etivaz\/","https:\/\/www.pinterest.ch\/etivazaop\/_created\/","https:\/\/www.youtube.com\/channel\/UC_QM4nMQnnnjtYh57mGf1yQ","https:\/\/fr.wikipedia.org\/wiki\/L'Etivaz"]}]}},"_links":{"self":[{"href":"https:\/\/shop.etivaz-aop.ch\/en\/wp-json\/wp\/v2\/product\/4588"}],"collection":[{"href":"https:\/\/shop.etivaz-aop.ch\/en\/wp-json\/wp\/v2\/product"}],"about":[{"href":"https:\/\/shop.etivaz-aop.ch\/en\/wp-json\/wp\/v2\/types\/product"}],"wp:featuredmedia":[{"embeddable":true,"href":"https:\/\/shop.etivaz-aop.ch\/en\/wp-json\/wp\/v2\/media\/5137"}],"wp:attachment":[{"href":"https:\/\/shop.etivaz-aop.ch\/en\/wp-json\/wp\/v2\/media?parent=4588"}],"wp:term":[{"taxonomy":"product_cat","embeddable":true,"href":"https:\/\/shop.etivaz-aop.ch\/en\/wp-json\/wp\/v2\/product_cat?post=4588"},{"taxonomy":"product_tag","embeddable":true,"href":"https:\/\/shop.etivaz-aop.ch\/en\/wp-json\/wp\/v2\/product_tag?post=4588"}],"curies":[{"name":"wp","href":"https:\/\/api.w.org\/{rel}","templated":true}]}}